{"id":108,"date":"2023-09-14T15:00:53","date_gmt":"2023-09-14T15:00:53","guid":{"rendered":"http:\/\/zdu.lcb.mybluehost.me\/.website_c43e98ff\/?page_id=108"},"modified":"2025-11-19T20:40:39","modified_gmt":"2025-11-19T20:40:39","slug":"contactos","status":"publish","type":"page","link":"https:\/\/sbentoresidences.com\/en\/contactos\/","title":{"rendered":"Contact"},"content":{"rendered":"<section class=\"bde-section-108-190 bde-section\">\n              \n  \n  \n\t\n\n  <div class=\"section-background-overlay\"><\/div>\n\n\n<div class=\"section-container\"><div class=\"bde-columns-108-191 bde-columns\"><div class=\"bde-column-108-192 bde-column\">\n  \n  \n\t\n\n\n\n<div class=\"bde-columns-108-224 bde-columns\"><div class=\"bde-column-108-226 bde-column\">\n  \n  \n\t\n\n\n\n<h2 class=\"bde-heading-108-193 bde-heading\">\nLOCALIZA\u00c7\u00c3O\n<\/h2><h1 class=\"bde-heading-108-194 bde-heading\">\nAvenida D. Afonso Henriques\n<\/h1>\n<\/div><\/div>\n<\/div><\/div><div class=\"bde-columns-108-195 bde-columns\"><div class=\"bde-column-108-196 bde-column\">\n  \n  \n\t\n\n\n\n<h1 class=\"bde-heading-108-197 bde-heading\">\n2 min.\n<\/h1><h2 class=\"bde-heading-108-198 bde-heading\">\nA P\u00c9\n<\/h2><h1 class=\"bde-heading-108-199 bde-heading\">\n8 min.\n<\/h1><h2 class=\"bde-heading-108-200 bde-heading\">\nA P\u00c9\n<\/h2><h1 class=\"bde-heading-108-201 bde-heading\">\n8 min.\n<\/h1><h2 class=\"bde-heading-108-202 bde-heading\">\nA P\u00c9\n<\/h2><h1 class=\"bde-heading-108-203 bde-heading\">\n10 min.\n<\/h1><h2 class=\"bde-heading-108-204 bde-heading\">\nA P\u00c9\n<\/h2><h1 class=\"bde-heading-108-205 bde-heading\">\n18 min.\n<\/h1><h2 class=\"bde-heading-108-206 bde-heading\">\nA P\u00c9\n<\/h2>\n<\/div><div class=\"bde-column-108-207 bde-column\">\n  \n  \n\t\n\n\n\n<div class=\"bde-image-108-208 bde-image\">\n<figure class=\"breakdance-image breakdance-image--388\">\n\t<div class=\"breakdance-image-container\">\n\t\t<div class=\"breakdance-image-clip\"><img data-recalc-dims=\"1\" loading=\"lazy\" decoding=\"async\" class=\"breakdance-image-object\" src=\"https:\/\/i0.wp.com\/sbentoresidences.com\/wp-content\/uploads\/2023\/07\/dashed-line-01.png?resize=350%2C36&#038;ssl=1\" width=\"350\" height=\"36\" srcset=\"https:\/\/sbentoresidences.com\/wp-content\/uploads\/2023\/07\/dashed-line-01.png 350w, https:\/\/sbentoresidences.com\/wp-content\/uploads\/2023\/07\/dashed-line-01-300x31.png 300w\" sizes=\"auto, (max-width: 350px) 100vw, 350px\"><\/div>\n\t<\/div><\/figure>\n\n<\/div><div class=\"bde-image-108-209 bde-image\">\n<figure class=\"breakdance-image breakdance-image--388\">\n\t<div class=\"breakdance-image-container\">\n\t\t<div class=\"breakdance-image-clip\"><img data-recalc-dims=\"1\" loading=\"lazy\" decoding=\"async\" class=\"breakdance-image-object\" src=\"https:\/\/i0.wp.com\/sbentoresidences.com\/wp-content\/uploads\/2023\/07\/dashed-line-01.png?resize=350%2C36&#038;ssl=1\" width=\"350\" height=\"36\" srcset=\"https:\/\/sbentoresidences.com\/wp-content\/uploads\/2023\/07\/dashed-line-01.png 350w, https:\/\/sbentoresidences.com\/wp-content\/uploads\/2023\/07\/dashed-line-01-300x31.png 300w\" sizes=\"auto, (max-width: 350px) 100vw, 350px\"><\/div>\n\t<\/div><\/figure>\n\n<\/div><div class=\"bde-image-108-210 bde-image\">\n<figure class=\"breakdance-image breakdance-image--388\">\n\t<div class=\"breakdance-image-container\">\n\t\t<div class=\"breakdance-image-clip\"><img data-recalc-dims=\"1\" loading=\"lazy\" decoding=\"async\" class=\"breakdance-image-object\" src=\"https:\/\/i0.wp.com\/sbentoresidences.com\/wp-content\/uploads\/2023\/07\/dashed-line-01.png?resize=350%2C36&#038;ssl=1\" width=\"350\" height=\"36\" srcset=\"https:\/\/sbentoresidences.com\/wp-content\/uploads\/2023\/07\/dashed-line-01.png 350w, https:\/\/sbentoresidences.com\/wp-content\/uploads\/2023\/07\/dashed-line-01-300x31.png 300w\" sizes=\"auto, (max-width: 350px) 100vw, 350px\"><\/div>\n\t<\/div><\/figure>\n\n<\/div><div class=\"bde-image-108-211 bde-image\">\n<figure class=\"breakdance-image breakdance-image--388\">\n\t<div class=\"breakdance-image-container\">\n\t\t<div class=\"breakdance-image-clip\"><img data-recalc-dims=\"1\" loading=\"lazy\" decoding=\"async\" class=\"breakdance-image-object\" src=\"https:\/\/i0.wp.com\/sbentoresidences.com\/wp-content\/uploads\/2023\/07\/dashed-line-01.png?resize=350%2C36&#038;ssl=1\" width=\"350\" height=\"36\" srcset=\"https:\/\/sbentoresidences.com\/wp-content\/uploads\/2023\/07\/dashed-line-01.png 350w, https:\/\/sbentoresidences.com\/wp-content\/uploads\/2023\/07\/dashed-line-01-300x31.png 300w\" sizes=\"auto, (max-width: 350px) 100vw, 350px\"><\/div>\n\t<\/div><\/figure>\n\n<\/div><div class=\"bde-image-108-212 bde-image\">\n<figure class=\"breakdance-image breakdance-image--388\">\n\t<div class=\"breakdance-image-container\">\n\t\t<div class=\"breakdance-image-clip\"><img data-recalc-dims=\"1\" loading=\"lazy\" decoding=\"async\" class=\"breakdance-image-object\" src=\"https:\/\/i0.wp.com\/sbentoresidences.com\/wp-content\/uploads\/2023\/07\/dashed-line-01.png?resize=350%2C36&#038;ssl=1\" width=\"350\" height=\"36\" srcset=\"https:\/\/sbentoresidences.com\/wp-content\/uploads\/2023\/07\/dashed-line-01.png 350w, https:\/\/sbentoresidences.com\/wp-content\/uploads\/2023\/07\/dashed-line-01-300x31.png 300w\" sizes=\"auto, (max-width: 350px) 100vw, 350px\"><\/div>\n\t<\/div><\/figure>\n\n<\/div>\n<\/div><div class=\"bde-column-108-213 bde-column\">\n  \n  \n\t\n\n\n\n<h1 class=\"bde-heading-108-214 bde-heading\">\nEsta\u00e7\u00e3o de S\u00e3o Bento\n<\/h1><h2 class=\"bde-heading-108-215 bde-heading\">\n170 METROS\n<\/h2><h1 class=\"bde-heading-108-216 bde-heading\">\nTorre dos Cl\u00e9rigos\n<\/h1><h2 class=\"bde-heading-108-217 bde-heading\">\n550 METROS\n<\/h2><h1 class=\"bde-heading-108-218 bde-heading\">\nAvenida dos Aliados\n<\/h1><h2 class=\"bde-heading-108-219 bde-heading\">\n600 METROS\n<\/h2><h1 class=\"bde-heading-108-220 bde-heading\">\nCais da Ribeira\n<\/h1><h2 class=\"bde-heading-108-221 bde-heading\">\n600 METROS\n<\/h2><h1 class=\"bde-heading-108-222 bde-heading\">\nSanta Catarina\n<\/h1><h2 class=\"bde-heading-108-223 bde-heading\">\n1,2 KM\n<\/h2>\n<\/div><\/div><div class=\"bde-columns-108-228 bde-columns\"><div class=\"bde-column-108-229 bde-column\">\n  \n  \n\t\n\n\n\n<div class=\"bde-button-108-231 bde-button\">\n    \n                        \n                        \n    \n    \n    \n    \n            \n                    \n            \n            \n\n    \n    \n    \n    \n    \n    <a class=\"breakdance-link button-atom button-atom--primary bde-button__button\" href=\"https:\/\/direct-book.com\/properties\/saobentoresidencesdirect?locale=pt&items[0][adults]=2&items[0][children]=0&items[0][infants]=0&currency=EUR&checkInDate=2023-07-14&checkOutDate=2023-07-15&trackPage=no\" target=\"_self\" data-type=\"url\"  >\n\n    \n        <span class=\"button-atom__text\">RESERVAR<\/span>\n\n        \n        \n                <\/a>\n\n    \n\n\n<\/div>\n<\/div><\/div><\/div>\n<\/section><section class=\"bde-section-108-128 bde-section\">\n  \n  \n\t\n\n\n\n<div class=\"section-container\"><div class=\"bde-columns-108-129 bde-columns\"><div class=\"bde-column-108-130 bde-column\">\n  \n  \n\t\n\n\n\n<h2 class=\"bde-heading-108-132 bde-heading\">\nCONTACTOS\n<\/h2><h1 class=\"bde-heading-108-133 bde-heading\">\nStay in <br>touch\n<\/h1>\n<\/div><div class=\"bde-column-108-131 bde-column\">\n  \n  \n\t\n\n\n\n<div class=\"bde-text-108-134 bde-text\">\nAvenida D. Afonso Henriques 200<br>4000-013 Porto\n<\/div><div class=\"bde-text-108-135 bde-text\">\n+351\u00a022 76 62 770*\n<\/div><div class=\"bde-text-108-235 bde-text\">\n*chamada para a rede fixa nacional\n<\/div><div class=\"bde-text-108-232 bde-text\">\ninfo@sbentoresidences.com\n<\/div>\n<\/div><\/div><div class=\"bde-columns-108-144 bde-columns\"><div class=\"bde-column-108-145 bde-column\">\n  \n  \n\t\n\n\n\n<div class=\"bde-rich-text-108-234 bde-rich-text breakdance-rich-text-styles\">\n<p>A sua privacidade \u00e9 essencial para n\u00f3s. Os dados pessoais recolhidos neste formul\u00e1rio s\u00e3o tratados apenas para a finalidade de respondermos \u00e0s suas quest\u00f5es ou solicita\u00e7\u00f5es. Para mais informa\u00e7\u00f5es\u00a0 consulte, por favor,\u00a0 a nossa\u00a0<u><a id=\"m_250499783554874013OWA8710fc60-f08b-7d61-18c2-ffc754492644\" href=\"https:\/\/sbentoresidences.com\/en\/politica-de-privacidade\/\" target=\"_blank\" rel=\"noopener\" data-saferedirecturl=\"https:\/\/www.google.com\/url?q=https:\/\/www.yottaconsulting.pt\/pt\/centro-de-privacidade\/politica-de-privacidade\/&amp;source=gmail&amp;ust=1715698205652000&amp;usg=AOvVaw1aROVxCfIMg0WSImvKgo6X\">Pol\u00edtica de Privacidade<\/a><\/u>.<\/p>\n<\/div><div class=\"bde-form-builder-108-143 bde-form-builder\" Set-Cookie=\"__Host-cookie=value; SameSite=None; Secure; Path=\/; Partitioned;\">\n\n<form id=\"contact-form143\" class=\"breakdance-form breakdance-form--vertical\" data-options=\"{&quot;slug&quot;:&quot;custom&quot;,&quot;name&quot;:&quot;Contact Form&quot;,&quot;ajaxUrl&quot;:&quot;https:\\\/\\\/sbentoresidences.com\\\/wp-admin\\\/admin-ajax.php&quot;,&quot;clearOnSuccess&quot;:true,&quot;hideOnSuccess&quot;:false,&quot;successMessage&quot;:&quot;Obrigada pela sua mensagem! Iremos responder o mais breve poss\\u00edvel.&quot;,&quot;errorMessage&quot;:&quot;Something went wrong.&quot;,&quot;redirect&quot;:false,&quot;redirectUrl&quot;:&quot;&quot;,&quot;customJavaScript&quot;:&quot;&quot;,&quot;recaptcha&quot;:{&quot;key&quot;:&quot;&quot;,&quot;enabled&quot;:false},&quot;honeypot_enabled&quot;:false,&quot;popupsOnSuccess&quot;:[],&quot;popupsOnError&quot;:[]}\" data-steps=\"0\" >\n  \n  \n  \n<div class=\"breakdance-form-field breakdance-form-field--text\" >\n    \n    \n            <label class=\"breakdance-form-field__label\" for=\"gurp\">\n            Nome<span class=\"breakdance-form-field__required\">*<\/span>\n        <\/label>\n    \n    <input\n    class=\"breakdance-form-field__input\"\n    id=\"gurp\"\n    aria-describedby=\"gurp\"\n    type=\"text\"\n    name=\"fields[gurp]\"\n    placeholder=\"\"\n    value=\"\"\n                \n        \n        \n    required\n    \n    \n    \n>\n\n\n    \n    \n<\/div>\n\n\n<div class=\"breakdance-form-field breakdance-form-field--email\" >\n    \n    \n            <label class=\"breakdance-form-field__label\" for=\"vrupgc\">\n            Email<span class=\"breakdance-form-field__required\">*<\/span>\n        <\/label>\n    \n    <input\n    class=\"breakdance-form-field__input\"\n    id=\"vrupgc\"\n    aria-describedby=\"vrupgc\"\n    type=\"email\"\n    name=\"fields[vrupgc]\"\n    placeholder=\"\"\n    value=\"\"\n                \n        \n        \n    required\n    \n    \n    \n>\n\n\n    \n    \n<\/div>\n\n\n<div class=\"breakdance-form-field breakdance-form-field--tel\" >\n    \n    \n            <label class=\"breakdance-form-field__label\" for=\"turp\">\n            Telem\u00f3vel\n        <\/label>\n    \n    <input\n    class=\"breakdance-form-field__input\"\n    id=\"turp\"\n    aria-describedby=\"turp\"\n    type=\"tel\"\n    name=\"fields[turp]\"\n    placeholder=\"\"\n    value=\"\"\n                \n        \n        \n    \n    \n    \n    \n>\n\n\n    \n    \n<\/div>\n\n\n<div class=\"breakdance-form-field breakdance-form-field--text\" >\n    \n    \n            <label class=\"breakdance-form-field__label\" for=\"surp\">\n            Assunto\n        <\/label>\n    \n    <input\n    class=\"breakdance-form-field__input\"\n    id=\"surp\"\n    aria-describedby=\"surp\"\n    type=\"text\"\n    name=\"fields[surp]\"\n    placeholder=\"\"\n    value=\"\"\n                \n        \n        \n    \n    \n    \n    \n>\n\n\n    \n    \n<\/div>\n\n\n<div class=\"breakdance-form-field breakdance-form-field--textarea\" >\n    \n    \n            <label class=\"breakdance-form-field__label\" for=\"kurp\">\n            Mensagem\n        <\/label>\n    \n    <textarea\n    class=\"breakdance-form-field__input\"\n    id=\"kurp\"\n    aria-describedby=\"kurp\"\n    type=\"textarea\"\n    name=\"fields[kurp]\"\n        placeholder=\"\"\n    \n    >\n<\/textarea>\n\n\n    \n    \n<\/div>\n\n\n<div class=\"breakdance-form-field breakdance-form-field--checkbox\" >\n    \n    \n    \n    <fieldset role=\"group\"\n    >\n          <div class=\"breakdance-form-checkbox\">\n          <input\n              type=\"checkbox\"\n              name=\"fields[berfzo]\"\n              value=\"Li e compreendi a Pol\u00edtica de Privacidade publicada pela S\u00e3o Bento Residences no seu website. \"\n              id=\"berfzo-1\"\n              \n                        >\n          <label class=\"breakdance-form-checkbox__text\" for=\"berfzo-1\">Li e compreendi a Pol\u00edtica de Privacidade publicada pela S\u00e3o Bento Residences no seu website. <\/label>\n      <\/div>\n  <\/fieldset>\n\n\n\n    \n    \n<\/div>\n\n\n  \n\n<div class=\"breakdance-form-field breakdance-form-footer\">\n    \n    \n                                    \n    \n    \n    \n    \n            \n            <button type=\"submit\" class=\"button-atom button-atom--primary breakdance-form-button breakdance-form-button__submit\"  >\n    \n        <span class=\"button-atom__text\">Enviar<\/span>\n\n        \n        \n            <\/button>\n    \n    <input type=\"hidden\" name=\"form_id\" value=\"143\">\n    <input type=\"hidden\" name=\"post_id\" value=\"108\">\n<\/div>\n\n  \n<\/form>\n\n\n<\/div>\n<\/div><\/div><div class=\"bde-google-map-108-152 bde-google-map\">\r\n<iframe width=\"100%\" height=\"100%\" style=\"border:0\" loading=\"lazy\" title=\"Map\" src=\"https:\/\/www.google.com\/maps\/embed\/v1\/place?key=AIzaSyAhOlzfJNMEDB2kCfJwnfe87X-8xqQZa3g&q=S.+Bento+Residences&zoom=16&maptype=roadmap\" allowfullscreen><\/iframe>\n<\/div><\/div>\n<\/section>","protected":false},"excerpt":{"rendered":"<p>LOCALIZA\u00c7\u00c3O Avenida D. Afonso Henriques 2 min. A P\u00c9 8 min. A P\u00c9 8 min. A P\u00c9 10 min. A P\u00c9 18 min. A P\u00c9 Esta\u00e7\u00e3o de S\u00e3o Bento 170 METROS Torre dos Cl\u00e9rigos 550 METROS Avenida dos Aliados 600 METROS Cais da Ribeira 600 METROS Santa Catarina 1,2 KM RESERVAR CONTACTOS Stay in touch [&hellip;]<\/p>\n","protected":false},"author":1,"featured_media":0,"parent":0,"menu_order":0,"comment_status":"closed","ping_status":"closed","template":"","meta":{"_breakdance_hide_in_design_set":false,"_breakdance_tags":"","footnotes":""},"class_list":["post-108","page","type-page","status-publish","hentry"],"yoast_head":"<!-- This site is optimized with the Yoast SEO plugin v27.3 - https:\/\/yoast.com\/product\/yoast-seo-wordpress\/ -->\n<title>Contact Us - S. Bento Residences | Porto<\/title>\n<meta name=\"description\" content=\"S. Bento Residences provides a contacts page where you can find the accommodation address, phone number, email, and social media links. You can also fill out a contact form to send us a message or request a reservation. We will get back to you as soon as possible.\" \/>\n<meta name=\"robots\" content=\"index, follow, max-snippet:-1, max-image-preview:large, max-video-preview:-1\" \/>\n<link rel=\"canonical\" href=\"https:\/\/sbentoresidences.com\/en\/contactos\/\" \/>\n<meta property=\"og:locale\" content=\"en_GB\" \/>\n<meta property=\"og:type\" content=\"article\" \/>\n<meta property=\"og:title\" content=\"Contact Us - S. Bento Residences | Porto\" \/>\n<meta property=\"og:description\" content=\"S. Bento Residences provides a contacts page where you can find the accommodation address, phone number, email, and social media links. You can also fill out a contact form to send us a message or request a reservation. We will get back to you as soon as possible.\" \/>\n<meta property=\"og:url\" content=\"https:\/\/sbentoresidences.com\/en\/contactos\/\" \/>\n<meta property=\"og:site_name\" content=\"S. Bento Residences\" \/>\n<meta property=\"article:publisher\" content=\"https:\/\/www.facebook.com\/sbentoresidences\" \/>\n<meta property=\"article:modified_time\" content=\"2025-11-19T20:40:39+00:00\" \/>\n<meta property=\"og:image\" content=\"https:\/\/i0.wp.com\/sbentoresidences.com\/wp-content\/uploads\/2023\/07\/IMG_7563-E-scaled.jpg?fit=2560%2C1706&ssl=1\" \/>\n\t<meta property=\"og:image:width\" content=\"2560\" \/>\n\t<meta property=\"og:image:height\" content=\"1706\" \/>\n\t<meta property=\"og:image:type\" content=\"image\/jpeg\" \/>\n<meta name=\"twitter:card\" content=\"summary_large_image\" \/>\n<script type=\"application\/ld+json\" class=\"yoast-schema-graph\">{\"@context\":\"https:\\\/\\\/schema.org\",\"@graph\":[{\"@type\":[\"WebPage\",\"ContactPage\"],\"@id\":\"https:\\\/\\\/sbentoresidences.com\\\/contactos\\\/\",\"url\":\"https:\\\/\\\/sbentoresidences.com\\\/contactos\\\/\",\"name\":\"Contact Us - S. Bento Residences | Porto\",\"isPartOf\":{\"@id\":\"https:\\\/\\\/sbentoresidences.com\\\/#website\"},\"datePublished\":\"2023-09-14T15:00:53+00:00\",\"dateModified\":\"2025-11-19T20:40:39+00:00\",\"description\":\"S. Bento Residences provides a contacts page where you can find the accommodation address, phone number, email, and social media links. You can also fill out a contact form to send us a message or request a reservation. We will get back to you as soon as possible.\",\"breadcrumb\":{\"@id\":\"https:\\\/\\\/sbentoresidences.com\\\/contactos\\\/#breadcrumb\"},\"inLanguage\":\"en-GB\",\"potentialAction\":[{\"@type\":\"ReadAction\",\"target\":[\"https:\\\/\\\/sbentoresidences.com\\\/contactos\\\/\"]}]},{\"@type\":\"BreadcrumbList\",\"@id\":\"https:\\\/\\\/sbentoresidences.com\\\/contactos\\\/#breadcrumb\",\"itemListElement\":[{\"@type\":\"ListItem\",\"position\":1,\"name\":\"Home\",\"item\":\"https:\\\/\\\/sbentoresidences.com\\\/\"},{\"@type\":\"ListItem\",\"position\":2,\"name\":\"Contactos\"}]},{\"@type\":\"WebSite\",\"@id\":\"https:\\\/\\\/sbentoresidences.com\\\/#website\",\"url\":\"https:\\\/\\\/sbentoresidences.com\\\/\",\"name\":\"S. Bento Residences\",\"description\":\"S. Bento Residences\",\"publisher\":{\"@id\":\"https:\\\/\\\/sbentoresidences.com\\\/#organization\"},\"alternateName\":\"S\u00e3o Bento Residences\",\"potentialAction\":[{\"@type\":\"SearchAction\",\"target\":{\"@type\":\"EntryPoint\",\"urlTemplate\":\"https:\\\/\\\/sbentoresidences.com\\\/?s={search_term_string}\"},\"query-input\":{\"@type\":\"PropertyValueSpecification\",\"valueRequired\":true,\"valueName\":\"search_term_string\"}}],\"inLanguage\":\"en-GB\"},{\"@type\":\"Organization\",\"@id\":\"https:\\\/\\\/sbentoresidences.com\\\/#organization\",\"name\":\"S. Bento Residences\",\"url\":\"https:\\\/\\\/sbentoresidences.com\\\/\",\"logo\":{\"@type\":\"ImageObject\",\"inLanguage\":\"en-GB\",\"@id\":\"https:\\\/\\\/sbentoresidences.com\\\/#\\\/schema\\\/logo\\\/image\\\/\",\"url\":\"https:\\\/\\\/sbentoresidences.com\\\/wp-content\\\/uploads\\\/2023\\\/07\\\/logos-03-Dourado.png\",\"contentUrl\":\"https:\\\/\\\/sbentoresidences.com\\\/wp-content\\\/uploads\\\/2023\\\/07\\\/logos-03-Dourado.png\",\"width\":1251,\"height\":1250,\"caption\":\"S. Bento Residences\"},\"image\":{\"@id\":\"https:\\\/\\\/sbentoresidences.com\\\/#\\\/schema\\\/logo\\\/image\\\/\"},\"sameAs\":[\"https:\\\/\\\/www.facebook.com\\\/sbentoresidences\",\"https:\\\/\\\/www.instagram.com\\\/s.bentoresidences\\\/\"]}]}<\/script>\n<!-- \/ Yoast SEO plugin. -->","yoast_head_json":{"title":"Contact Us - S. Bento Residences | Porto","description":"S. Bento Residences provides a contacts page where you can find the accommodation address, phone number, email, and social media links. You can also fill out a contact form to send us a message or request a reservation. We will get back to you as soon as possible.","robots":{"index":"index","follow":"follow","max-snippet":"max-snippet:-1","max-image-preview":"max-image-preview:large","max-video-preview":"max-video-preview:-1"},"canonical":"https:\/\/sbentoresidences.com\/en\/contactos\/","og_locale":"en_GB","og_type":"article","og_title":"Contact Us - S. Bento Residences | Porto","og_description":"S. Bento Residences provides a contacts page where you can find the accommodation address, phone number, email, and social media links. You can also fill out a contact form to send us a message or request a reservation. We will get back to you as soon as possible.","og_url":"https:\/\/sbentoresidences.com\/en\/contactos\/","og_site_name":"S. Bento Residences","article_publisher":"https:\/\/www.facebook.com\/sbentoresidences","article_modified_time":"2025-11-19T20:40:39+00:00","og_image":[{"width":2560,"height":1706,"url":"https:\/\/i0.wp.com\/sbentoresidences.com\/wp-content\/uploads\/2023\/07\/IMG_7563-E-scaled.jpg?fit=2560%2C1706&ssl=1","type":"image\/jpeg"}],"twitter_card":"summary_large_image","schema":{"@context":"https:\/\/schema.org","@graph":[{"@type":["WebPage","ContactPage"],"@id":"https:\/\/sbentoresidences.com\/contactos\/","url":"https:\/\/sbentoresidences.com\/contactos\/","name":"Contact Us - S. Bento Residences | Porto","isPartOf":{"@id":"https:\/\/sbentoresidences.com\/#website"},"datePublished":"2023-09-14T15:00:53+00:00","dateModified":"2025-11-19T20:40:39+00:00","description":"S. Bento Residences provides a contacts page where you can find the accommodation address, phone number, email, and social media links. You can also fill out a contact form to send us a message or request a reservation. We will get back to you as soon as possible.","breadcrumb":{"@id":"https:\/\/sbentoresidences.com\/contactos\/#breadcrumb"},"inLanguage":"en-GB","potentialAction":[{"@type":"ReadAction","target":["https:\/\/sbentoresidences.com\/contactos\/"]}]},{"@type":"BreadcrumbList","@id":"https:\/\/sbentoresidences.com\/contactos\/#breadcrumb","itemListElement":[{"@type":"ListItem","position":1,"name":"Home","item":"https:\/\/sbentoresidences.com\/"},{"@type":"ListItem","position":2,"name":"Contactos"}]},{"@type":"WebSite","@id":"https:\/\/sbentoresidences.com\/#website","url":"https:\/\/sbentoresidences.com\/","name":"S. Bento Residences","description":"S. Bento Residences","publisher":{"@id":"https:\/\/sbentoresidences.com\/#organization"},"alternateName":"S\u00e3o Bento Residences","potentialAction":[{"@type":"SearchAction","target":{"@type":"EntryPoint","urlTemplate":"https:\/\/sbentoresidences.com\/?s={search_term_string}"},"query-input":{"@type":"PropertyValueSpecification","valueRequired":true,"valueName":"search_term_string"}}],"inLanguage":"en-GB"},{"@type":"Organization","@id":"https:\/\/sbentoresidences.com\/#organization","name":"S. Bento Residences","url":"https:\/\/sbentoresidences.com\/","logo":{"@type":"ImageObject","inLanguage":"en-GB","@id":"https:\/\/sbentoresidences.com\/#\/schema\/logo\/image\/","url":"https:\/\/sbentoresidences.com\/wp-content\/uploads\/2023\/07\/logos-03-Dourado.png","contentUrl":"https:\/\/sbentoresidences.com\/wp-content\/uploads\/2023\/07\/logos-03-Dourado.png","width":1251,"height":1250,"caption":"S. Bento Residences"},"image":{"@id":"https:\/\/sbentoresidences.com\/#\/schema\/logo\/image\/"},"sameAs":["https:\/\/www.facebook.com\/sbentoresidences","https:\/\/www.instagram.com\/s.bentoresidences\/"]}]}},"jetpack_sharing_enabled":true,"_links":{"self":[{"href":"https:\/\/sbentoresidences.com\/en\/wp-json\/wp\/v2\/pages\/108","targetHints":{"allow":["GET"]}}],"collection":[{"href":"https:\/\/sbentoresidences.com\/en\/wp-json\/wp\/v2\/pages"}],"about":[{"href":"https:\/\/sbentoresidences.com\/en\/wp-json\/wp\/v2\/types\/page"}],"author":[{"embeddable":true,"href":"https:\/\/sbentoresidences.com\/en\/wp-json\/wp\/v2\/users\/1"}],"replies":[{"embeddable":true,"href":"https:\/\/sbentoresidences.com\/en\/wp-json\/wp\/v2\/comments?post=108"}],"version-history":[{"count":80,"href":"https:\/\/sbentoresidences.com\/en\/wp-json\/wp\/v2\/pages\/108\/revisions"}],"predecessor-version":[{"id":1086,"href":"https:\/\/sbentoresidences.com\/en\/wp-json\/wp\/v2\/pages\/108\/revisions\/1086"}],"wp:attachment":[{"href":"https:\/\/sbentoresidences.com\/en\/wp-json\/wp\/v2\/media?parent=108"}],"curies":[{"name":"wp","href":"https:\/\/api.w.org\/{rel}","templated":true}]}}