{"id":123,"date":"2023-09-14T15:00:53","date_gmt":"2023-09-14T15:00:53","guid":{"rendered":"http:\/\/zdu.lcb.mybluehost.me\/.website_c43e98ff\/?page_id=123"},"modified":"2023-11-15T21:31:24","modified_gmt":"2023-11-15T21:31:24","slug":"apartamentos","status":"publish","type":"page","link":"https:\/\/sbentoresidences.com\/en\/apartamentos\/","title":{"rendered":"Our Apartments"},"content":{"rendered":"<section class=\"bde-section-123-100 bde-section\">\n  \n  \n\t\n\n\n\n<div class=\"section-container\"><div class=\"bde-columns-123-101 bde-columns\"><div class=\"bde-column-123-102 bde-column\" data-entrance=\"slideLeft\">\n  \n  \n\t\n\n\n\n<h2 class=\"bde-heading-123-104 bde-heading\">\nAPARTAMENT\n<\/h2><h1 class=\"bde-heading-123-105 bde-heading\">\nStudio\n<\/h1><div class=\"bde-button-123-106 bde-button\">\n    \n                        \n                        \n    \n    \n    \n    \n            \n                    \n            \n            \n\n    \n    \n    \n    \n    \n    <a class=\"breakdance-link button-atom button-atom--custom bde-button__button\" href=\"https:\/\/sbentoresidences.com\/en\/studio\/\" target=\"_self\" data-type=\"url\"  >\n\n    \n        <span class=\"button-atom__text\">SEE MORE<\/span>\n\n        \n        \n                <\/a>\n\n    \n\n\n<\/div>\n<\/div><div class=\"bde-column-123-103 bde-column\" data-entrance=\"slideLeft\">\n  \n  \n\t\n\n\n\n<div class=\"bde-image-123-107 bde-image\">\n<figure class=\"breakdance-image breakdance-image--127\">\n\t<div class=\"breakdance-image-container\">\n\t\t<div class=\"breakdance-image-clip\"><img data-recalc-dims=\"1\" loading=\"lazy\" decoding=\"async\" class=\"breakdance-image-object\" src=\"https:\/\/i0.wp.com\/sbentoresidences.com\/wp-content\/uploads\/2023\/07\/pessoas-01.png?resize=371%2C335&#038;ssl=1\" width=\"371\" height=\"335\" srcset=\"https:\/\/sbentoresidences.com\/wp-content\/uploads\/2023\/07\/pessoas-01.png 371w, https:\/\/sbentoresidences.com\/wp-content\/uploads\/2023\/07\/pessoas-01-300x271.png 300w\" sizes=\"auto, (max-width: 371px) 100vw, 371px\"><\/div>\n\t<\/div><\/figure>\n\n<\/div><div class=\"bde-image-123-112 bde-image\">\n<figure class=\"breakdance-image breakdance-image--125\">\n\t<div class=\"breakdance-image-container\">\n\t\t<div class=\"breakdance-image-clip\"><img data-recalc-dims=\"1\" loading=\"lazy\" decoding=\"async\" class=\"breakdance-image-object\" src=\"https:\/\/i0.wp.com\/sbentoresidences.com\/wp-content\/uploads\/2023\/07\/duche.png?resize=150%2C142&#038;ssl=1\" width=\"150\" height=\"142\" sizes=\"auto, (max-width: 150px) 100vw, 150px\"><\/div>\n\t<\/div><\/figure>\n\n<\/div><div class=\"bde-image-123-111 bde-image\">\n<figure class=\"breakdance-image breakdance-image--129\">\n\t<div class=\"breakdance-image-container\">\n\t\t<div class=\"breakdance-image-clip\"><img data-recalc-dims=\"1\" loading=\"lazy\" decoding=\"async\" class=\"breakdance-image-object\" src=\"https:\/\/i0.wp.com\/sbentoresidences.com\/wp-content\/uploads\/2023\/07\/regua.png?resize=150%2C142&#038;ssl=1\" width=\"150\" height=\"142\" sizes=\"auto, (max-width: 150px) 100vw, 150px\"><\/div>\n\t<\/div><\/figure>\n\n<\/div><div class=\"bde-image-123-113 bde-image\">\n<figure class=\"breakdance-image breakdance-image--126\">\n\t<div class=\"breakdance-image-container\">\n\t\t<div class=\"breakdance-image-clip\"><img data-recalc-dims=\"1\" loading=\"lazy\" decoding=\"async\" class=\"breakdance-image-object\" src=\"https:\/\/i0.wp.com\/sbentoresidences.com\/wp-content\/uploads\/2023\/07\/forno%C2%B4.png?resize=150%2C142&#038;ssl=1\" width=\"150\" height=\"142\" sizes=\"auto, (max-width: 150px) 100vw, 150px\"><\/div>\n\t<\/div><\/figure>\n\n<\/div><div class=\"bde-image-123-114 bde-image\">\n<figure class=\"breakdance-image breakdance-image--128\">\n\t<div class=\"breakdance-image-container\">\n\t\t<div class=\"breakdance-image-clip\"><img data-recalc-dims=\"1\" loading=\"lazy\" decoding=\"async\" class=\"breakdance-image-object\" src=\"https:\/\/i0.wp.com\/sbentoresidences.com\/wp-content\/uploads\/2023\/07\/pet-friendly-01.png?resize=131%2C131&#038;ssl=1\" width=\"131\" height=\"131\" sizes=\"auto, (max-width: 131px) 100vw, 131px\"><\/div>\n\t<\/div><\/figure>\n\n<\/div>\n<\/div><div class=\"bde-column-123-115 bde-column\" data-entrance=\"slideLeft\">\n  \n  \n\t\n\n\n\n<div class=\"bde-text-123-121 bde-text\">\n2 PERSONS + 1 BABY COT\n<\/div><div class=\"bde-text-123-123 bde-text\">\n1 PRIVATE WC WITH SHOWER\n<\/div><div class=\"bde-text-123-122 bde-text\">\n30M2\n<\/div><div class=\"bde-text-123-124 bde-text\">\nKITCHENETTE\n<\/div><div class=\"bde-text-123-125 bde-text\">\nPET FRIENDLY\n<\/div>\n<\/div><\/div><\/div>\n<\/section><section class=\"bde-section-123-126 bde-section\">\n  \n  \n\t\n\n\n\n<div class=\"section-container\"><div class=\"bde-columns-123-127 bde-columns\"><div class=\"bde-column-123-128 bde-column\" data-entrance=\"slideLeft\">\n  \n  \n\t\n\n\n\n<h2 class=\"bde-heading-123-129 bde-heading\">\nAPARTAMENT\n<\/h2><h1 class=\"bde-heading-123-130 bde-heading\">\nSuperior Studio\n<\/h1><div class=\"bde-button-123-131 bde-button\">\n    \n                        \n                        \n    \n    \n    \n    \n            \n                    \n            \n            \n\n    \n    \n    \n    \n    \n    <a class=\"breakdance-link button-atom button-atom--custom bde-button__button\" href=\"https:\/\/sbentoresidences.com\/en\/estudio-superior\/\" target=\"_self\" data-type=\"url\"  >\n\n    \n        <span class=\"button-atom__text\">SEE MORE<\/span>\n\n        \n        \n                <\/a>\n\n    \n\n\n<\/div>\n<\/div><div class=\"bde-column-123-132 bde-column\" data-entrance=\"slideLeft\">\n  \n  \n\t\n\n\n\n<div class=\"bde-image-123-133 bde-image\">\n<figure class=\"breakdance-image breakdance-image--127\">\n\t<div class=\"breakdance-image-container\">\n\t\t<div class=\"breakdance-image-clip\"><img data-recalc-dims=\"1\" loading=\"lazy\" decoding=\"async\" class=\"breakdance-image-object\" src=\"https:\/\/i0.wp.com\/sbentoresidences.com\/wp-content\/uploads\/2023\/07\/pessoas-01.png?resize=371%2C335&#038;ssl=1\" width=\"371\" height=\"335\" srcset=\"https:\/\/sbentoresidences.com\/wp-content\/uploads\/2023\/07\/pessoas-01.png 371w, https:\/\/sbentoresidences.com\/wp-content\/uploads\/2023\/07\/pessoas-01-300x271.png 300w\" sizes=\"auto, (max-width: 371px) 100vw, 371px\"><\/div>\n\t<\/div><\/figure>\n\n<\/div><div class=\"bde-image-123-135 bde-image\">\n<figure class=\"breakdance-image breakdance-image--125\">\n\t<div class=\"breakdance-image-container\">\n\t\t<div class=\"breakdance-image-clip\"><img data-recalc-dims=\"1\" loading=\"lazy\" decoding=\"async\" class=\"breakdance-image-object\" src=\"https:\/\/i0.wp.com\/sbentoresidences.com\/wp-content\/uploads\/2023\/07\/duche.png?resize=150%2C142&#038;ssl=1\" width=\"150\" height=\"142\" sizes=\"auto, (max-width: 150px) 100vw, 150px\"><\/div>\n\t<\/div><\/figure>\n\n<\/div><div class=\"bde-image-123-134 bde-image\">\n<figure class=\"breakdance-image breakdance-image--129\">\n\t<div class=\"breakdance-image-container\">\n\t\t<div class=\"breakdance-image-clip\"><img data-recalc-dims=\"1\" loading=\"lazy\" decoding=\"async\" class=\"breakdance-image-object\" src=\"https:\/\/i0.wp.com\/sbentoresidences.com\/wp-content\/uploads\/2023\/07\/regua.png?resize=150%2C142&#038;ssl=1\" width=\"150\" height=\"142\" sizes=\"auto, (max-width: 150px) 100vw, 150px\"><\/div>\n\t<\/div><\/figure>\n\n<\/div><div class=\"bde-image-123-136 bde-image\">\n<figure class=\"breakdance-image breakdance-image--126\">\n\t<div class=\"breakdance-image-container\">\n\t\t<div class=\"breakdance-image-clip\"><img data-recalc-dims=\"1\" loading=\"lazy\" decoding=\"async\" class=\"breakdance-image-object\" src=\"https:\/\/i0.wp.com\/sbentoresidences.com\/wp-content\/uploads\/2023\/07\/forno%C2%B4.png?resize=150%2C142&#038;ssl=1\" width=\"150\" height=\"142\" sizes=\"auto, (max-width: 150px) 100vw, 150px\"><\/div>\n\t<\/div><\/figure>\n\n<\/div><div class=\"bde-image-123-137 bde-image\">\n<figure class=\"breakdance-image breakdance-image--128\">\n\t<div class=\"breakdance-image-container\">\n\t\t<div class=\"breakdance-image-clip\"><img data-recalc-dims=\"1\" loading=\"lazy\" decoding=\"async\" class=\"breakdance-image-object\" src=\"https:\/\/i0.wp.com\/sbentoresidences.com\/wp-content\/uploads\/2023\/07\/pet-friendly-01.png?resize=131%2C131&#038;ssl=1\" width=\"131\" height=\"131\" sizes=\"auto, (max-width: 131px) 100vw, 131px\"><\/div>\n\t<\/div><\/figure>\n\n<\/div>\n<\/div><div class=\"bde-column-123-138 bde-column\" data-entrance=\"slideLeft\">\n  \n  \n\t\n\n\n\n<div class=\"bde-text-123-139 bde-text\">\n2 PERSONS + 1 BABY COT\n<\/div><div class=\"bde-text-123-141 bde-text\">\n1 PRIVATE WC WITH SHOWER\n<\/div><div class=\"bde-text-123-140 bde-text\">\n42M2\n<\/div><div class=\"bde-text-123-142 bde-text\">\nKITCHENETTE\n<\/div><div class=\"bde-text-123-143 bde-text\">\nPET FRIENDLY\n<\/div>\n<\/div><\/div><\/div>\n<\/section><section class=\"bde-section-123-144 bde-section\">\n  \n  \n\t\n\n\n\n<div class=\"section-container\"><div class=\"bde-columns-123-145 bde-columns\"><div class=\"bde-column-123-146 bde-column\" data-entrance=\"slideLeft\">\n  \n  \n\t\n\n\n\n<div class=\"bde-text-123-157 bde-text\">\n4 PERSONS + 2 BABY COT\n<\/div><div class=\"bde-text-123-158 bde-text\">\n49M2\n<\/div><div class=\"bde-text-123-159 bde-text\">\n1 PRIVATE WC WITH SHOWER\n<\/div><div class=\"bde-text-123-160 bde-text\">\nKITCHENETTE\n<\/div><div class=\"bde-text-123-161 bde-text\">\nPET FRIENDLY\n<\/div>\n<\/div><div class=\"bde-column-123-150 bde-column\" data-entrance=\"slideLeft\">\n  \n  \n\t\n\n\n\n<div class=\"bde-image-123-151 bde-image\">\n<figure class=\"breakdance-image breakdance-image--127\">\n\t<div class=\"breakdance-image-container\">\n\t\t<div class=\"breakdance-image-clip\"><img data-recalc-dims=\"1\" loading=\"lazy\" decoding=\"async\" class=\"breakdance-image-object\" src=\"https:\/\/i0.wp.com\/sbentoresidences.com\/wp-content\/uploads\/2023\/07\/pessoas-01.png?resize=371%2C335&#038;ssl=1\" width=\"371\" height=\"335\" srcset=\"https:\/\/sbentoresidences.com\/wp-content\/uploads\/2023\/07\/pessoas-01.png 371w, https:\/\/sbentoresidences.com\/wp-content\/uploads\/2023\/07\/pessoas-01-300x271.png 300w\" sizes=\"auto, (max-width: 371px) 100vw, 371px\"><\/div>\n\t<\/div><\/figure>\n\n<\/div><div class=\"bde-image-123-152 bde-image\">\n<figure class=\"breakdance-image breakdance-image--129\">\n\t<div class=\"breakdance-image-container\">\n\t\t<div class=\"breakdance-image-clip\"><img data-recalc-dims=\"1\" loading=\"lazy\" decoding=\"async\" class=\"breakdance-image-object\" src=\"https:\/\/i0.wp.com\/sbentoresidences.com\/wp-content\/uploads\/2023\/07\/regua.png?resize=150%2C142&#038;ssl=1\" width=\"150\" height=\"142\" sizes=\"auto, (max-width: 150px) 100vw, 150px\"><\/div>\n\t<\/div><\/figure>\n\n<\/div><div class=\"bde-image-123-153 bde-image\">\n<figure class=\"breakdance-image breakdance-image--125\">\n\t<div class=\"breakdance-image-container\">\n\t\t<div class=\"breakdance-image-clip\"><img data-recalc-dims=\"1\" loading=\"lazy\" decoding=\"async\" class=\"breakdance-image-object\" src=\"https:\/\/i0.wp.com\/sbentoresidences.com\/wp-content\/uploads\/2023\/07\/duche.png?resize=150%2C142&#038;ssl=1\" width=\"150\" height=\"142\" sizes=\"auto, (max-width: 150px) 100vw, 150px\"><\/div>\n\t<\/div><\/figure>\n\n<\/div><div class=\"bde-image-123-154 bde-image\">\n<figure class=\"breakdance-image breakdance-image--126\">\n\t<div class=\"breakdance-image-container\">\n\t\t<div class=\"breakdance-image-clip\"><img data-recalc-dims=\"1\" loading=\"lazy\" decoding=\"async\" class=\"breakdance-image-object\" src=\"https:\/\/i0.wp.com\/sbentoresidences.com\/wp-content\/uploads\/2023\/07\/forno%C2%B4.png?resize=150%2C142&#038;ssl=1\" width=\"150\" height=\"142\" sizes=\"auto, (max-width: 150px) 100vw, 150px\"><\/div>\n\t<\/div><\/figure>\n\n<\/div><div class=\"bde-image-123-155 bde-image\">\n<figure class=\"breakdance-image breakdance-image--128\">\n\t<div class=\"breakdance-image-container\">\n\t\t<div class=\"breakdance-image-clip\"><img data-recalc-dims=\"1\" loading=\"lazy\" decoding=\"async\" class=\"breakdance-image-object\" src=\"https:\/\/i0.wp.com\/sbentoresidences.com\/wp-content\/uploads\/2023\/07\/pet-friendly-01.png?resize=131%2C131&#038;ssl=1\" width=\"131\" height=\"131\" sizes=\"auto, (max-width: 131px) 100vw, 131px\"><\/div>\n\t<\/div><\/figure>\n\n<\/div>\n<\/div><div class=\"bde-column-123-156 bde-column\" data-entrance=\"slideLeft\">\n  \n  \n\t\n\n\n\n<h2 class=\"bde-heading-123-147 bde-heading\">\nAPARTAMENT\n<\/h2><h1 class=\"bde-heading-123-148 bde-heading\">\nOne Bedroom Apartment\n<\/h1><div class=\"bde-button-123-149 bde-button\">\n    \n                        \n                        \n    \n    \n    \n    \n            \n                    \n            \n            \n\n    \n    \n    \n    \n    \n    <a class=\"breakdance-link button-atom button-atom--custom bde-button__button\" href=\"https:\/\/sbentoresidences.com\/en\/one-bedroom-apartment\/\" target=\"_self\" data-type=\"url\"  >\n\n    \n        <span class=\"button-atom__text\">SEE MORE<\/span>\n\n        \n        \n                <\/a>\n\n    \n\n\n<\/div>\n<\/div><\/div><\/div>\n<\/section>","protected":false},"excerpt":{"rendered":"<p>APARTAMENTO Studio SAIBA MAIS 02 PESSOAS + BER\u00c7O 1 WC PRIVATIVA &#8211; DUCHE 30M2 KITCHENETTE PET FRIENDLY APARTAMENTO Studio Superior SAIBA MAIS 02 PESSOAS + BER\u00c7O 1 WC PRIVATIVA &#8211; DUCHE 42M2 KITCHENETTE PET FRIENDLY 04 PESSOAS + 02 BER\u00c7OS 49M2 1 WC NO APARTAMENTO KITCHENETTE PET FRIENDLY APARTAMENTO One Bedroom Apartment SAIBA MAIS<\/p>","protected":false},"author":1,"featured_media":0,"parent":0,"menu_order":0,"comment_status":"closed","ping_status":"closed","template":"","meta":{"_breakdance_hide_in_design_set":false,"_breakdance_tags":"","footnotes":""},"class_list":["post-123","page","type-page","status-publish","hentry"],"yoast_head":"<!-- This site is optimized with the Yoast SEO plugin v27.3 - https:\/\/yoast.com\/product\/yoast-seo-wordpress\/ -->\n<title>Apartments - S. Bento Residences | Porto<\/title>\n<meta name=\"description\" content=\"S. Bento Residences offers 16 tourist apartments, each with a unique decoration and a fully equipped kitchenette. Choose from studio, superior studio, or one-bedroom apartments, all with private bathroom, balcony, cable TV, and free Wi-Fi. Pets are welcome too.\" \/>\n<meta name=\"robots\" content=\"index, follow, max-snippet:-1, max-image-preview:large, max-video-preview:-1\" \/>\n<link rel=\"canonical\" href=\"https:\/\/sbentoresidences.com\/en\/apartamentos\/\" \/>\n<meta property=\"og:locale\" content=\"en_GB\" \/>\n<meta property=\"og:type\" content=\"article\" \/>\n<meta property=\"og:title\" content=\"Apartments - S. Bento Residences | Porto\" \/>\n<meta property=\"og:description\" content=\"S. Bento Residences offers 16 tourist apartments, each with a unique decoration and a fully equipped kitchenette. Choose from studio, superior studio, or one-bedroom apartments, all with private bathroom, balcony, cable TV, and free Wi-Fi. Pets are welcome too.\" \/>\n<meta property=\"og:url\" content=\"https:\/\/sbentoresidences.com\/en\/apartamentos\/\" \/>\n<meta property=\"og:site_name\" content=\"S. Bento Residences\" \/>\n<meta property=\"article:publisher\" content=\"https:\/\/www.facebook.com\/sbentoresidences\" \/>\n<meta property=\"article:modified_time\" content=\"2023-11-15T21:31:24+00:00\" \/>\n<meta property=\"og:image\" content=\"https:\/\/i0.wp.com\/sbentoresidences.com\/wp-content\/uploads\/2023\/07\/IMG_7563-E-scaled.jpg?fit=2560%2C1706&ssl=1\" \/>\n\t<meta property=\"og:image:width\" content=\"2560\" \/>\n\t<meta property=\"og:image:height\" content=\"1706\" \/>\n\t<meta property=\"og:image:type\" content=\"image\/jpeg\" \/>\n<meta name=\"twitter:card\" content=\"summary_large_image\" \/>\n<script type=\"application\/ld+json\" class=\"yoast-schema-graph\">{\"@context\":\"https:\\\/\\\/schema.org\",\"@graph\":[{\"@type\":\"WebPage\",\"@id\":\"https:\\\/\\\/sbentoresidences.com\\\/apartamentos\\\/\",\"url\":\"https:\\\/\\\/sbentoresidences.com\\\/apartamentos\\\/\",\"name\":\"Apartments - S. Bento Residences | Porto\",\"isPartOf\":{\"@id\":\"https:\\\/\\\/sbentoresidences.com\\\/#website\"},\"datePublished\":\"2023-09-14T15:00:53+00:00\",\"dateModified\":\"2023-11-15T21:31:24+00:00\",\"description\":\"S. Bento Residences offers 16 tourist apartments, each with a unique decoration and a fully equipped kitchenette. Choose from studio, superior studio, or one-bedroom apartments, all with private bathroom, balcony, cable TV, and free Wi-Fi. Pets are welcome too.\",\"breadcrumb\":{\"@id\":\"https:\\\/\\\/sbentoresidences.com\\\/apartamentos\\\/#breadcrumb\"},\"inLanguage\":\"en-GB\",\"potentialAction\":[{\"@type\":\"ReadAction\",\"target\":[\"https:\\\/\\\/sbentoresidences.com\\\/apartamentos\\\/\"]}]},{\"@type\":\"BreadcrumbList\",\"@id\":\"https:\\\/\\\/sbentoresidences.com\\\/apartamentos\\\/#breadcrumb\",\"itemListElement\":[{\"@type\":\"ListItem\",\"position\":1,\"name\":\"Home\",\"item\":\"https:\\\/\\\/sbentoresidences.com\\\/\"},{\"@type\":\"ListItem\",\"position\":2,\"name\":\"Apartamentos\"}]},{\"@type\":\"WebSite\",\"@id\":\"https:\\\/\\\/sbentoresidences.com\\\/#website\",\"url\":\"https:\\\/\\\/sbentoresidences.com\\\/\",\"name\":\"S. Bento Residences\",\"description\":\"S. Bento Residences\",\"publisher\":{\"@id\":\"https:\\\/\\\/sbentoresidences.com\\\/#organization\"},\"alternateName\":\"S\u00e3o Bento Residences\",\"potentialAction\":[{\"@type\":\"SearchAction\",\"target\":{\"@type\":\"EntryPoint\",\"urlTemplate\":\"https:\\\/\\\/sbentoresidences.com\\\/?s={search_term_string}\"},\"query-input\":{\"@type\":\"PropertyValueSpecification\",\"valueRequired\":true,\"valueName\":\"search_term_string\"}}],\"inLanguage\":\"en-GB\"},{\"@type\":\"Organization\",\"@id\":\"https:\\\/\\\/sbentoresidences.com\\\/#organization\",\"name\":\"S. Bento Residences\",\"url\":\"https:\\\/\\\/sbentoresidences.com\\\/\",\"logo\":{\"@type\":\"ImageObject\",\"inLanguage\":\"en-GB\",\"@id\":\"https:\\\/\\\/sbentoresidences.com\\\/#\\\/schema\\\/logo\\\/image\\\/\",\"url\":\"https:\\\/\\\/sbentoresidences.com\\\/wp-content\\\/uploads\\\/2023\\\/07\\\/logos-03-Dourado.png\",\"contentUrl\":\"https:\\\/\\\/sbentoresidences.com\\\/wp-content\\\/uploads\\\/2023\\\/07\\\/logos-03-Dourado.png\",\"width\":1251,\"height\":1250,\"caption\":\"S. Bento Residences\"},\"image\":{\"@id\":\"https:\\\/\\\/sbentoresidences.com\\\/#\\\/schema\\\/logo\\\/image\\\/\"},\"sameAs\":[\"https:\\\/\\\/www.facebook.com\\\/sbentoresidences\",\"https:\\\/\\\/www.instagram.com\\\/s.bentoresidences\\\/\"]}]}<\/script>\n<!-- \/ Yoast SEO plugin. -->","yoast_head_json":{"title":"Apartments - S. Bento Residences | Porto","description":"S. Bento Residences offers 16 tourist apartments, each with a unique decoration and a fully equipped kitchenette. Choose from studio, superior studio, or one-bedroom apartments, all with private bathroom, balcony, cable TV, and free Wi-Fi. Pets are welcome too.","robots":{"index":"index","follow":"follow","max-snippet":"max-snippet:-1","max-image-preview":"max-image-preview:large","max-video-preview":"max-video-preview:-1"},"canonical":"https:\/\/sbentoresidences.com\/en\/apartamentos\/","og_locale":"en_GB","og_type":"article","og_title":"Apartments - S. Bento Residences | Porto","og_description":"S. Bento Residences offers 16 tourist apartments, each with a unique decoration and a fully equipped kitchenette. Choose from studio, superior studio, or one-bedroom apartments, all with private bathroom, balcony, cable TV, and free Wi-Fi. Pets are welcome too.","og_url":"https:\/\/sbentoresidences.com\/en\/apartamentos\/","og_site_name":"S. Bento Residences","article_publisher":"https:\/\/www.facebook.com\/sbentoresidences","article_modified_time":"2023-11-15T21:31:24+00:00","og_image":[{"width":2560,"height":1706,"url":"https:\/\/i0.wp.com\/sbentoresidences.com\/wp-content\/uploads\/2023\/07\/IMG_7563-E-scaled.jpg?fit=2560%2C1706&ssl=1","type":"image\/jpeg"}],"twitter_card":"summary_large_image","schema":{"@context":"https:\/\/schema.org","@graph":[{"@type":"WebPage","@id":"https:\/\/sbentoresidences.com\/apartamentos\/","url":"https:\/\/sbentoresidences.com\/apartamentos\/","name":"Apartments - S. Bento Residences | Porto","isPartOf":{"@id":"https:\/\/sbentoresidences.com\/#website"},"datePublished":"2023-09-14T15:00:53+00:00","dateModified":"2023-11-15T21:31:24+00:00","description":"S. Bento Residences offers 16 tourist apartments, each with a unique decoration and a fully equipped kitchenette. Choose from studio, superior studio, or one-bedroom apartments, all with private bathroom, balcony, cable TV, and free Wi-Fi. Pets are welcome too.","breadcrumb":{"@id":"https:\/\/sbentoresidences.com\/apartamentos\/#breadcrumb"},"inLanguage":"en-GB","potentialAction":[{"@type":"ReadAction","target":["https:\/\/sbentoresidences.com\/apartamentos\/"]}]},{"@type":"BreadcrumbList","@id":"https:\/\/sbentoresidences.com\/apartamentos\/#breadcrumb","itemListElement":[{"@type":"ListItem","position":1,"name":"Home","item":"https:\/\/sbentoresidences.com\/"},{"@type":"ListItem","position":2,"name":"Apartamentos"}]},{"@type":"WebSite","@id":"https:\/\/sbentoresidences.com\/#website","url":"https:\/\/sbentoresidences.com\/","name":"S. Bento Residences","description":"S. Bento Residences","publisher":{"@id":"https:\/\/sbentoresidences.com\/#organization"},"alternateName":"S\u00e3o Bento Residences","potentialAction":[{"@type":"SearchAction","target":{"@type":"EntryPoint","urlTemplate":"https:\/\/sbentoresidences.com\/?s={search_term_string}"},"query-input":{"@type":"PropertyValueSpecification","valueRequired":true,"valueName":"search_term_string"}}],"inLanguage":"en-GB"},{"@type":"Organization","@id":"https:\/\/sbentoresidences.com\/#organization","name":"S. Bento Residences","url":"https:\/\/sbentoresidences.com\/","logo":{"@type":"ImageObject","inLanguage":"en-GB","@id":"https:\/\/sbentoresidences.com\/#\/schema\/logo\/image\/","url":"https:\/\/sbentoresidences.com\/wp-content\/uploads\/2023\/07\/logos-03-Dourado.png","contentUrl":"https:\/\/sbentoresidences.com\/wp-content\/uploads\/2023\/07\/logos-03-Dourado.png","width":1251,"height":1250,"caption":"S. Bento Residences"},"image":{"@id":"https:\/\/sbentoresidences.com\/#\/schema\/logo\/image\/"},"sameAs":["https:\/\/www.facebook.com\/sbentoresidences","https:\/\/www.instagram.com\/s.bentoresidences\/"]}]}},"jetpack_sharing_enabled":true,"_links":{"self":[{"href":"https:\/\/sbentoresidences.com\/en\/wp-json\/wp\/v2\/pages\/123","targetHints":{"allow":["GET"]}}],"collection":[{"href":"https:\/\/sbentoresidences.com\/en\/wp-json\/wp\/v2\/pages"}],"about":[{"href":"https:\/\/sbentoresidences.com\/en\/wp-json\/wp\/v2\/types\/page"}],"author":[{"embeddable":true,"href":"https:\/\/sbentoresidences.com\/en\/wp-json\/wp\/v2\/users\/1"}],"replies":[{"embeddable":true,"href":"https:\/\/sbentoresidences.com\/en\/wp-json\/wp\/v2\/comments?post=123"}],"version-history":[{"count":68,"href":"https:\/\/sbentoresidences.com\/en\/wp-json\/wp\/v2\/pages\/123\/revisions"}],"predecessor-version":[{"id":1016,"href":"https:\/\/sbentoresidences.com\/en\/wp-json\/wp\/v2\/pages\/123\/revisions\/1016"}],"wp:attachment":[{"href":"https:\/\/sbentoresidences.com\/en\/wp-json\/wp\/v2\/media?parent=123"}],"curies":[{"name":"wp","href":"https:\/\/api.w.org\/{rel}","templated":true}]}}