{"id":132,"date":"2023-09-14T15:00:53","date_gmt":"2023-09-14T15:00:53","guid":{"rendered":"http:\/\/zdu.lcb.mybluehost.me\/.website_c43e98ff\/?page_id=132"},"modified":"2023-10-10T16:40:22","modified_gmt":"2023-10-10T16:40:22","slug":"experiencias-e-programas","status":"publish","type":"page","link":"https:\/\/sbentoresidences.com\/en\/experiencias-e-programas\/","title":{"rendered":"Experi\u00eancias e Programas"},"content":{"rendered":"<section class=\"bde-section-132-100 bde-section\">\n  \n  \n\t\n\n\n\n<div class=\"section-container\"><\/div>\n<\/section><section class=\"bde-section-132-101 bde-section\">\n  \n  \n\t\n\n\n\n<div class=\"section-container\"><div class=\"bde-columns-132-102 bde-columns\"><div class=\"bde-column-132-103 bde-column\">\n  \n  \n\t\n\n\n\n<div class=\"bde-image-132-105 bde-image\">\n<figure class=\"breakdance-image breakdance-image--137\">\n\t<div class=\"breakdance-image-container\">\n\t\t<div class=\"breakdance-image-clip\"><img loading=\"lazy\" decoding=\"async\" class=\"breakdance-image-object\" src=\"https:\/\/sbentoresidences.com\/wp-content\/uploads\/2023\/07\/romantic-getaway.png\" width=\"1456\" height=\"1164\" srcset=\"https:\/\/sbentoresidences.com\/wp-content\/uploads\/2023\/07\/romantic-getaway.png 1456w, https:\/\/sbentoresidences.com\/wp-content\/uploads\/2023\/07\/romantic-getaway-300x240.png 300w, https:\/\/sbentoresidences.com\/wp-content\/uploads\/2023\/07\/romantic-getaway-1024x819.png 1024w, https:\/\/sbentoresidences.com\/wp-content\/uploads\/2023\/07\/romantic-getaway-768x614.png 768w\" sizes=\"auto, (max-width: 1456px) 100vw, 1456px\"><\/div>\n\t<\/div><\/figure>\n\n<\/div>\n<\/div><div class=\"bde-column-132-104 bde-column\">\n  \n  \n\t\n\n\n\n<h2 class=\"bde-heading-132-106 bde-heading\">\nSOBRE\n<\/h2><h1 class=\"bde-heading-132-107 bde-heading\">\nROMANTIC GETAWAY\n<\/h1><div class=\"bde-text-132-108 bde-text\">\nPartilhe a cidade do Porto com quem mais ama e venha usufruir em seguran\u00e7a tudo o que esta cidade maravilhosa tem para oferecer.\n<\/div><ul class=\"bde-basic-list-132-109 bde-basic-list\">\n  <li  >    \n          2 noites em Apartamento Studio\n      <\/li>\n  <li  >    \n          Pequeno-almo\u00e7o em Box di\u00e1rio para 2 pessoas\n      <\/li>\n  <li  >    \n          Sunset basket com garrafa de vinho\n      <\/li>\n  <li  >    \n          Visita \u00e0s caves Calem Porto incluindo prova de vinho do Porto\n      <\/li>\n<\/ul><div class=\"bde-columns-132-111 bde-columns\"><div class=\"bde-column-132-112 bde-column\">\n  \n  \n\t\n\n\n\n<div class=\"bde-button-132-110 bde-button\">\n        \n    \n    \n    \n    \n            \n                    \n            \n            \n\n    \n    \n    \n    \n    \n    <a class=\"breakdance-link button-atom button-atom--primary bde-button__button\" href=\"https:\/\/direct-book.com\/properties\/saobentoresidencesdirect?locale=pt&items[0][adults]=2&items[0][children]=0&items[0][infants]=0&currency=EUR&checkInDate=2023-07-14&checkOutDate=2023-07-15&trackPage=no\" target=\"_blank\" data-type=\"url\"  >\n\n    \n        <span class=\"button-atom__text\">RESERVAR<\/span>\n\n        \n        \n                <\/a>\n\n    \n\n\n<\/div><div class=\"bde-button-132-114 bde-button\">\n        \n    \n    \n    \n    \n            \n                    \n            \n            \n\n    \n    \n    \n    \n    \n    <a class=\"breakdance-link button-atom button-atom--primary bde-button__button\" href=\"https:\/\/www.youtube.com\/watch?v=1iDCVC0d_3c\" target=\"_blank\" data-type=\"url\"  >\n\n    \n        <span class=\"button-atom__text\">VER V\u00cdDEO<\/span>\n\n        \n        \n                <\/a>\n\n    \n\n\n<\/div>\n<\/div><\/div>\n<\/div><\/div><\/div>\n<\/section><section class=\"bde-section-132-143 bde-section\">\n  \n  \n\t\n\n\n\n<div class=\"section-container\"><div class=\"bde-columns-132-144 bde-columns\"><div class=\"bde-column-132-145 bde-column\">\n  \n  \n\t\n\n\n\n<div class=\"bde-image-132-174 bde-image\">\n<figure class=\"breakdance-image breakdance-image--145\">\n\t<div class=\"breakdance-image-container\">\n\t\t<div class=\"breakdance-image-clip\"><img loading=\"lazy\" decoding=\"async\" class=\"breakdance-image-object\" src=\"https:\/\/sbentoresidences.com\/wp-content\/uploads\/2023\/07\/douro-experience.jpg\" width=\"1284\" height=\"1653\" srcset=\"https:\/\/sbentoresidences.com\/wp-content\/uploads\/2023\/07\/douro-experience.jpg 1284w, https:\/\/sbentoresidences.com\/wp-content\/uploads\/2023\/07\/douro-experience-233x300.jpg 233w, https:\/\/sbentoresidences.com\/wp-content\/uploads\/2023\/07\/douro-experience-795x1024.jpg 795w, https:\/\/sbentoresidences.com\/wp-content\/uploads\/2023\/07\/douro-experience-768x989.jpg 768w, https:\/\/sbentoresidences.com\/wp-content\/uploads\/2023\/07\/douro-experience-1193x1536.jpg 1193w\" sizes=\"auto, (max-width: 1284px) 100vw, 1284px\"><\/div>\n\t<\/div><\/figure>\n\n<\/div>\n<\/div><div class=\"bde-column-132-147 bde-column\">\n  \n  \n\t\n\n\n\n<h2 class=\"bde-heading-132-148 bde-heading\">\nSOBRE\n<\/h2><h1 class=\"bde-heading-132-149 bde-heading\">\nSignature Oporto & Douro Experience\n<\/h1><div class=\"bde-text-132-150 bde-text\">\nJunte \u00e0 riqueza cultural e hist\u00f3rica do centro da cidade do Porto as maravilhas surpreendentes do Alto Douro vinhateiro.\u00a0 A pensar nisto S. Bento Residences tem uma experi\u00eancia exclusiva perfeita para si!\n<\/div><ul class=\"bde-basic-list-132-151 bde-basic-list\">\n  <li  >    \n          2 noites em Apartamento Studio\n      <\/li>\n  <li  >    \n          Pequeno-almo\u00e7o di\u00e1rio por pessoa\n      <\/li>\n  <li  >    \n          Bilhete de comboio de ida e volta ao Pinh\u00e3o (Interregional)\n      <\/li>\n  <li  >    \n          Cesta de piquenique para um almo\u00e7o exclusivo na Quinta das Carvalhas\n      <\/li>\n  <li  >    \n          Passeio de barco 1H30 ao Alto Douro Vinhateiro\u00a0\n      <\/li>\n  <li  >    \n          Tour e visita privada \u00e0 Quinta das Carvalhas\n      <\/li>\n  <li  >    \n          Almo\u00e7o piquenique na Quinta das Carvalhas com prova de vinhos, exclusivo a S. Bento Residences, com vistas de tirar o f\u00f4lego\n      <\/li>\n  <li  >    \n          Prova de vinho do Porto na wine shop Quinta das Carvalhas - Real Companhia Velha\n      <\/li>\n  <li  >    \n          Regresso ao Porto para um final de dia em pleno alojados em S. Bento Residences.\n      <\/li>\n<\/ul><div class=\"bde-columns-132-152 bde-columns\"><div class=\"bde-column-132-153 bde-column\">\n  \n  \n\t\n\n\n\n<div class=\"bde-button-132-154 bde-button\">\n        \n    \n    \n    \n    \n            \n                    \n            \n            \n\n    \n    \n    \n    \n    \n    <a class=\"breakdance-link button-atom button-atom--primary bde-button__button\" href=\"https:\/\/direct-book.com\/properties\/saobentoresidencesdirect?locale=pt&items[0][adults]=2&items[0][children]=0&items[0][infants]=0&currency=EUR&checkInDate=2023-07-14&checkOutDate=2023-07-15&trackPage=no\" target=\"_blank\" data-type=\"url\"  >\n\n    \n        <span class=\"button-atom__text\">RESERVAR<\/span>\n\n        \n        \n                <\/a>\n\n    \n\n\n<\/div><div class=\"bde-button-132-156 bde-button\">\n        \n    \n    \n    \n    \n            \n                    \n            \n            \n\n    \n    \n    \n    \n    \n    <a class=\"breakdance-link button-atom button-atom--primary bde-button__button\" href=\"https:\/\/www.youtube.com\/watch?v=TRKw8Wp93OU\" target=\"_blank\" data-type=\"url\"  >\n\n    \n        <span class=\"button-atom__text\">VER V\u00cdDEO<\/span>\n\n        \n        \n                <\/a>\n\n    \n\n\n<\/div>\n<\/div><\/div>\n<\/div><\/div><\/div>\n<\/section><section class=\"bde-section-132-160 bde-section\">\n  \n  \n\t\n\n\n\n<div class=\"section-container\"><div class=\"bde-columns-132-161 bde-columns\"><div class=\"bde-column-132-162 bde-column\">\n  \n  \n\t\n\n\n\n<div class=\"bde-image-132-173 bde-image\">\n<figure class=\"breakdance-image breakdance-image--136\">\n\t<div class=\"breakdance-image-container\">\n\t\t<div class=\"breakdance-image-clip\"><img loading=\"lazy\" decoding=\"async\" class=\"breakdance-image-object\" src=\"https:\/\/sbentoresidences.com\/wp-content\/uploads\/2023\/07\/porto-city.png\" width=\"1456\" height=\"1062\" srcset=\"https:\/\/sbentoresidences.com\/wp-content\/uploads\/2023\/07\/porto-city.png 1456w, https:\/\/sbentoresidences.com\/wp-content\/uploads\/2023\/07\/porto-city-300x219.png 300w, https:\/\/sbentoresidences.com\/wp-content\/uploads\/2023\/07\/porto-city-1024x747.png 1024w, https:\/\/sbentoresidences.com\/wp-content\/uploads\/2023\/07\/porto-city-768x560.png 768w\" sizes=\"auto, (max-width: 1456px) 100vw, 1456px\"><\/div>\n\t<\/div><\/figure>\n\n<\/div>\n<\/div><div class=\"bde-column-132-163 bde-column\">\n  \n  \n\t\n\n\n\n<h2 class=\"bde-heading-132-164 bde-heading\">\nSOBRE\n<\/h2><h1 class=\"bde-heading-132-165 bde-heading\">\nCity Break\n<\/h1><div class=\"bde-text-132-166 bde-text\">\nTire um fim de semana e descubra o que a maravilhosa cidade do Porto tem para lhe oferecer\n<\/div><ul class=\"bde-basic-list-132-167 bde-basic-list\">\n  <li  >    \n          2 noites em Apartamento Studio\n      <\/li>\n  <li  >    \n          Pequeno-almo\u00e7o em box di\u00e1rio para 2 pessoas\n      <\/li>\n  <li  >    \n          1 Bilhete para tour de cidade Hop-on-hop-off\n      <\/li>\n<\/ul><div class=\"bde-columns-132-168 bde-columns\"><div class=\"bde-column-132-169 bde-column\">\n  \n  \n\t\n\n\n\n<div class=\"bde-button-132-170 bde-button\">\n        \n    \n    \n    \n    \n            \n                    \n            \n            \n\n    \n    \n    \n    \n    \n    <a class=\"breakdance-link button-atom button-atom--primary bde-button__button\" href=\"https:\/\/direct-book.com\/properties\/saobentoresidencesdirect?locale=pt&items[0][adults]=2&items[0][children]=0&items[0][infants]=0&currency=EUR&checkInDate=2023-07-14&checkOutDate=2023-07-15&trackPage=no\" target=\"_blank\" data-type=\"url\"  >\n\n    \n        <span class=\"button-atom__text\">RESERVAR<\/span>\n\n        \n        \n                <\/a>\n\n    \n\n\n<\/div><div class=\"bde-button-132-172 bde-button\">\n        \n    \n    \n    \n    \n            \n                    \n            \n            \n\n    \n    \n    \n    \n    \n    <a class=\"breakdance-link button-atom button-atom--primary bde-button__button\" href=\"https:\/\/www.youtube.com\/watch?v=SBFQh3ZroL8\" target=\"_blank\" data-type=\"url\"  >\n\n    \n        <span class=\"button-atom__text\">VER V\u00cdDEO<\/span>\n\n        \n        \n                <\/a>\n\n    \n\n\n<\/div>\n<\/div><\/div>\n<\/div><\/div><\/div>\n<\/section><section class=\"bde-section-132-175 bde-section\">\n  \n  \n\t\n\n\n\n<div class=\"section-container\"><div class=\"bde-columns-132-176 bde-columns\"><div class=\"bde-column-132-177 bde-column\">\n  \n  \n\t\n\n\n\n<div class=\"bde-image-132-178 bde-image\">\n<figure class=\"breakdance-image breakdance-image--135\">\n\t<div class=\"breakdance-image-container\">\n\t\t<div class=\"breakdance-image-clip\"><img loading=\"lazy\" decoding=\"async\" class=\"breakdance-image-object\" src=\"https:\/\/sbentoresidences.com\/wp-content\/uploads\/2023\/07\/golf.png\" width=\"1456\" height=\"1264\" srcset=\"https:\/\/sbentoresidences.com\/wp-content\/uploads\/2023\/07\/golf.png 1456w, https:\/\/sbentoresidences.com\/wp-content\/uploads\/2023\/07\/golf-300x260.png 300w, https:\/\/sbentoresidences.com\/wp-content\/uploads\/2023\/07\/golf-1024x889.png 1024w, https:\/\/sbentoresidences.com\/wp-content\/uploads\/2023\/07\/golf-768x667.png 768w\" sizes=\"auto, (max-width: 1456px) 100vw, 1456px\"><\/div>\n\t<\/div><\/figure>\n\n<\/div>\n<\/div><div class=\"bde-column-132-179 bde-column\">\n  \n  \n\t\n\n\n\n<h2 class=\"bde-heading-132-180 bde-heading\">\nSOBRE\n<\/h2><div class=\"bde-image-132-190 bde-image\">\n<figure class=\"breakdance-image breakdance-image--568\">\n\t<div class=\"breakdance-image-container\">\n\t\t<div class=\"breakdance-image-clip\"><img loading=\"lazy\" decoding=\"async\" class=\"breakdance-image-object\" src=\"https:\/\/sbentoresidences.com\/wp-content\/uploads\/2023\/08\/logo-golf-300x79-1.png\" width=\"300\" height=\"79\" sizes=\"auto, (max-width: 300px) 100vw, 300px\"><\/div>\n\t<\/div><\/figure>\n\n<\/div><div class=\"bde-text-132-182 bde-text\">\nTemos a experi\u00eancia perfeita para si! Fa\u00e7a a sua reserva e aproveite as todas as experi\u00eancias que a cidade do Porto tem para oferecer.\n<\/div><h2 class=\"bde-heading-132-189 bde-heading\">\nOFERTA PARA DUAS PESSOAS\n<\/h2><ul class=\"bde-basic-list-132-183 bde-basic-list\">\n  <li  >    \n          2 noites @s.bentoresidences (Porto) em Apartamento Studio\n      <\/li>\n  <li  >    \n          Pequeno-almo\u00e7o entregue no apartamento\n      <\/li>\n  <li  >    \n          1 Greenfee @estela.golf.club\n      <\/li>\n  <li  >    \n          Aluguer de carro por 1 dia\n      <\/li>\n<\/ul><div class=\"bde-columns-132-184 bde-columns\"><div class=\"bde-column-132-185 bde-column\">\n  \n  \n\t\n\n\n\n<div class=\"bde-button-132-186 bde-button\">\n        \n    \n    \n    \n    \n            \n                    \n            \n            \n\n    \n    \n    \n    \n    \n    <a class=\"breakdance-link button-atom button-atom--primary bde-button__button\" href=\"https:\/\/direct-book.com\/properties\/saobentoresidencesdirect?locale=pt&items[0][adults]=2&items[0][children]=0&items[0][infants]=0&currency=EUR&checkInDate=2023-07-14&checkOutDate=2023-07-15&trackPage=no\" target=\"_blank\" data-type=\"url\"  >\n\n    \n        <span class=\"button-atom__text\">RESERVAR<\/span>\n\n        \n        \n                <\/a>\n\n    \n\n\n<\/div><div class=\"bde-button-132-188 bde-button\">\n        \n    \n    \n    \n    \n            \n                    \n            \n            \n\n    \n    \n    \n    \n    \n    <a class=\"breakdance-link button-atom button-atom--primary bde-button__button\" href=\"https:\/\/www.youtube.com\/watch?v=yjLZq68p25A\" target=\"_blank\" data-type=\"url\"  >\n\n    \n        <span class=\"button-atom__text\">VER V\u00cdDEO<\/span>\n\n        \n        \n                <\/a>\n\n    \n\n\n<\/div>\n<\/div><\/div>\n<\/div><\/div><div class=\"bde-columns-132-191 bde-columns\"><div class=\"bde-column-132-193 bde-column\">\n  \n  \n\t\n\n\n\n<div class=\"bde-button-132-194 bde-button\">\n        \n    \n    \n    \n    \n            \n                    \n            \n            \n\n    \n    \n    \n    \n    \n    <a class=\"breakdance-link button-atom button-atom--primary bde-button__button\" href=\"https:\/\/direct-book.com\/properties\/saobentoresidencesdirect?locale=pt&items[0][adults]=2&items[0][children]=0&items[0][infants]=0&currency=EUR&checkInDate=2023-07-14&checkOutDate=2023-07-15&trackPage=no\" target=\"_self\" data-type=\"url\"  >\n\n    \n        <span class=\"button-atom__text\">RESERVAR<\/span>\n\n        \n        \n                <\/a>\n\n    \n\n\n<\/div>\n<\/div><\/div><\/div>\n<\/section>","protected":false},"excerpt":{"rendered":"<p>SOBRE ROMANTIC GETAWAY Partilhe a cidade do Porto com quem mais ama e venha usufruir em seguran\u00e7a tudo o que esta cidade maravilhosa tem para oferecer. 2 noites em Apartamento Studio Pequeno-almo\u00e7o em Box di\u00e1rio para 2 pessoas Sunset basket com garrafa de vinho Visita \u00e0s caves Calem Porto incluindo prova de vinho do Porto [&hellip;]<\/p>\n","protected":false},"author":1,"featured_media":0,"parent":0,"menu_order":0,"comment_status":"closed","ping_status":"closed","template":"","meta":{"_breakdance_hide_in_design_set":false,"_breakdance_tags":"","footnotes":""},"class_list":["post-132","page","type-page","status-publish","hentry"],"yoast_head":"<!-- This site is optimized with the Yoast SEO plugin v27.5 - https:\/\/yoast.com\/product\/yoast-seo-wordpress\/ -->\n<title>Experi\u00eancias e Programas - S. Bento Residences | Douro | Golf | Porto<\/title>\n<meta name=\"description\" content=\"S. Bento Residences offers various packages for your ideal stay in Porto, Portugal. Whether you are looking for a romantic getaway, a city break, a golf and city adventure, or a signature Oporto and Douro experience, we have something for you. Check out our exclusive offers and book now.\" \/>\n<meta name=\"robots\" content=\"index, follow, max-snippet:-1, max-image-preview:large, max-video-preview:-1\" \/>\n<link rel=\"canonical\" href=\"https:\/\/sbentoresidences.com\/en\/experiencias-e-programas\/\" \/>\n<meta property=\"og:locale\" content=\"en_GB\" \/>\n<meta property=\"og:type\" content=\"article\" \/>\n<meta property=\"og:title\" content=\"Experi\u00eancias e Programas - S. Bento Residences | Douro | Golf | Porto\" \/>\n<meta property=\"og:description\" content=\"S. Bento Residences offers various packages for your ideal stay in Porto, Portugal. Whether you are looking for a romantic getaway, a city break, a golf and city adventure, or a signature Oporto and Douro experience, we have something for you. Check out our exclusive offers and book now.\" \/>\n<meta property=\"og:url\" content=\"https:\/\/sbentoresidences.com\/en\/experiencias-e-programas\/\" \/>\n<meta property=\"og:site_name\" content=\"S. Bento Residences\" \/>\n<meta property=\"article:publisher\" content=\"https:\/\/www.facebook.com\/sbentoresidences\" \/>\n<meta property=\"article:modified_time\" content=\"2023-10-10T16:40:22+00:00\" \/>\n<meta property=\"og:image\" content=\"https:\/\/sbentoresidences.com\/wp-content\/uploads\/2023\/07\/IMG_7563-E-scaled.jpg\" \/>\n\t<meta property=\"og:image:width\" content=\"2560\" \/>\n\t<meta property=\"og:image:height\" content=\"1706\" \/>\n\t<meta property=\"og:image:type\" content=\"image\/jpeg\" \/>\n<meta name=\"twitter:card\" content=\"summary_large_image\" \/>\n<script type=\"application\/ld+json\" class=\"yoast-schema-graph\">{\"@context\":\"https:\\\/\\\/schema.org\",\"@graph\":[{\"@type\":\"WebPage\",\"@id\":\"https:\\\/\\\/sbentoresidences.com\\\/en\\\/experiencias-e-programas\\\/\",\"url\":\"https:\\\/\\\/sbentoresidences.com\\\/en\\\/experiencias-e-programas\\\/\",\"name\":\"Experi\u00eancias e Programas - S. Bento Residences | Douro | Golf | Porto\",\"isPartOf\":{\"@id\":\"https:\\\/\\\/sbentoresidences.com\\\/#website\"},\"datePublished\":\"2023-09-14T15:00:53+00:00\",\"dateModified\":\"2023-10-10T16:40:22+00:00\",\"description\":\"S. Bento Residences offers various packages for your ideal stay in Porto, Portugal. Whether you are looking for a romantic getaway, a city break, a golf and city adventure, or a signature Oporto and Douro experience, we have something for you. Check out our exclusive offers and book now.\",\"breadcrumb\":{\"@id\":\"https:\\\/\\\/sbentoresidences.com\\\/en\\\/experiencias-e-programas\\\/#breadcrumb\"},\"inLanguage\":\"en-GB\",\"potentialAction\":[{\"@type\":\"ReadAction\",\"target\":[\"https:\\\/\\\/sbentoresidences.com\\\/en\\\/experiencias-e-programas\\\/\"]}]},{\"@type\":\"BreadcrumbList\",\"@id\":\"https:\\\/\\\/sbentoresidences.com\\\/en\\\/experiencias-e-programas\\\/#breadcrumb\",\"itemListElement\":[{\"@type\":\"ListItem\",\"position\":1,\"name\":\"Home\",\"item\":\"https:\\\/\\\/sbentoresidences.com\\\/\"},{\"@type\":\"ListItem\",\"position\":2,\"name\":\"Experi\u00eancias e Programas\"}]},{\"@type\":\"WebSite\",\"@id\":\"https:\\\/\\\/sbentoresidences.com\\\/#website\",\"url\":\"https:\\\/\\\/sbentoresidences.com\\\/\",\"name\":\"S. Bento Residences\",\"description\":\"S. Bento Residences\",\"publisher\":{\"@id\":\"https:\\\/\\\/sbentoresidences.com\\\/#organization\"},\"alternateName\":\"S\u00e3o Bento Residences\",\"potentialAction\":[{\"@type\":\"SearchAction\",\"target\":{\"@type\":\"EntryPoint\",\"urlTemplate\":\"https:\\\/\\\/sbentoresidences.com\\\/?s={search_term_string}\"},\"query-input\":{\"@type\":\"PropertyValueSpecification\",\"valueRequired\":true,\"valueName\":\"search_term_string\"}}],\"inLanguage\":\"en-GB\"},{\"@type\":\"Organization\",\"@id\":\"https:\\\/\\\/sbentoresidences.com\\\/#organization\",\"name\":\"S. Bento Residences\",\"url\":\"https:\\\/\\\/sbentoresidences.com\\\/\",\"logo\":{\"@type\":\"ImageObject\",\"inLanguage\":\"en-GB\",\"@id\":\"https:\\\/\\\/sbentoresidences.com\\\/#\\\/schema\\\/logo\\\/image\\\/\",\"url\":\"https:\\\/\\\/sbentoresidences.com\\\/wp-content\\\/uploads\\\/2023\\\/07\\\/logos-03-Dourado.png\",\"contentUrl\":\"https:\\\/\\\/sbentoresidences.com\\\/wp-content\\\/uploads\\\/2023\\\/07\\\/logos-03-Dourado.png\",\"width\":1251,\"height\":1250,\"caption\":\"S. Bento Residences\"},\"image\":{\"@id\":\"https:\\\/\\\/sbentoresidences.com\\\/#\\\/schema\\\/logo\\\/image\\\/\"},\"sameAs\":[\"https:\\\/\\\/www.facebook.com\\\/sbentoresidences\",\"https:\\\/\\\/www.instagram.com\\\/s.bentoresidences\\\/\"]}]}<\/script>\n<!-- \/ Yoast SEO plugin. -->","yoast_head_json":{"title":"Experi\u00eancias e Programas - S. Bento Residences | Douro | Golf | Porto","description":"S. Bento Residences offers various packages for your ideal stay in Porto, Portugal. Whether you are looking for a romantic getaway, a city break, a golf and city adventure, or a signature Oporto and Douro experience, we have something for you. Check out our exclusive offers and book now.","robots":{"index":"index","follow":"follow","max-snippet":"max-snippet:-1","max-image-preview":"max-image-preview:large","max-video-preview":"max-video-preview:-1"},"canonical":"https:\/\/sbentoresidences.com\/en\/experiencias-e-programas\/","og_locale":"en_GB","og_type":"article","og_title":"Experi\u00eancias e Programas - S. Bento Residences | Douro | Golf | Porto","og_description":"S. Bento Residences offers various packages for your ideal stay in Porto, Portugal. Whether you are looking for a romantic getaway, a city break, a golf and city adventure, or a signature Oporto and Douro experience, we have something for you. Check out our exclusive offers and book now.","og_url":"https:\/\/sbentoresidences.com\/en\/experiencias-e-programas\/","og_site_name":"S. Bento Residences","article_publisher":"https:\/\/www.facebook.com\/sbentoresidences","article_modified_time":"2023-10-10T16:40:22+00:00","og_image":[{"width":2560,"height":1706,"url":"https:\/\/sbentoresidences.com\/wp-content\/uploads\/2023\/07\/IMG_7563-E-scaled.jpg","type":"image\/jpeg"}],"twitter_card":"summary_large_image","schema":{"@context":"https:\/\/schema.org","@graph":[{"@type":"WebPage","@id":"https:\/\/sbentoresidences.com\/en\/experiencias-e-programas\/","url":"https:\/\/sbentoresidences.com\/en\/experiencias-e-programas\/","name":"Experi\u00eancias e Programas - S. Bento Residences | Douro | Golf | Porto","isPartOf":{"@id":"https:\/\/sbentoresidences.com\/#website"},"datePublished":"2023-09-14T15:00:53+00:00","dateModified":"2023-10-10T16:40:22+00:00","description":"S. Bento Residences offers various packages for your ideal stay in Porto, Portugal. Whether you are looking for a romantic getaway, a city break, a golf and city adventure, or a signature Oporto and Douro experience, we have something for you. Check out our exclusive offers and book now.","breadcrumb":{"@id":"https:\/\/sbentoresidences.com\/en\/experiencias-e-programas\/#breadcrumb"},"inLanguage":"en-GB","potentialAction":[{"@type":"ReadAction","target":["https:\/\/sbentoresidences.com\/en\/experiencias-e-programas\/"]}]},{"@type":"BreadcrumbList","@id":"https:\/\/sbentoresidences.com\/en\/experiencias-e-programas\/#breadcrumb","itemListElement":[{"@type":"ListItem","position":1,"name":"Home","item":"https:\/\/sbentoresidences.com\/"},{"@type":"ListItem","position":2,"name":"Experi\u00eancias e Programas"}]},{"@type":"WebSite","@id":"https:\/\/sbentoresidences.com\/#website","url":"https:\/\/sbentoresidences.com\/","name":"S. Bento Residences","description":"S. Bento Residences","publisher":{"@id":"https:\/\/sbentoresidences.com\/#organization"},"alternateName":"S\u00e3o Bento Residences","potentialAction":[{"@type":"SearchAction","target":{"@type":"EntryPoint","urlTemplate":"https:\/\/sbentoresidences.com\/?s={search_term_string}"},"query-input":{"@type":"PropertyValueSpecification","valueRequired":true,"valueName":"search_term_string"}}],"inLanguage":"en-GB"},{"@type":"Organization","@id":"https:\/\/sbentoresidences.com\/#organization","name":"S. Bento Residences","url":"https:\/\/sbentoresidences.com\/","logo":{"@type":"ImageObject","inLanguage":"en-GB","@id":"https:\/\/sbentoresidences.com\/#\/schema\/logo\/image\/","url":"https:\/\/sbentoresidences.com\/wp-content\/uploads\/2023\/07\/logos-03-Dourado.png","contentUrl":"https:\/\/sbentoresidences.com\/wp-content\/uploads\/2023\/07\/logos-03-Dourado.png","width":1251,"height":1250,"caption":"S. Bento Residences"},"image":{"@id":"https:\/\/sbentoresidences.com\/#\/schema\/logo\/image\/"},"sameAs":["https:\/\/www.facebook.com\/sbentoresidences","https:\/\/www.instagram.com\/s.bentoresidences\/"]}]}},"_links":{"self":[{"href":"https:\/\/sbentoresidences.com\/en\/wp-json\/wp\/v2\/pages\/132","targetHints":{"allow":["GET"]}}],"collection":[{"href":"https:\/\/sbentoresidences.com\/en\/wp-json\/wp\/v2\/pages"}],"about":[{"href":"https:\/\/sbentoresidences.com\/en\/wp-json\/wp\/v2\/types\/page"}],"author":[{"embeddable":true,"href":"https:\/\/sbentoresidences.com\/en\/wp-json\/wp\/v2\/users\/1"}],"replies":[{"embeddable":true,"href":"https:\/\/sbentoresidences.com\/en\/wp-json\/wp\/v2\/comments?post=132"}],"version-history":[{"count":23,"href":"https:\/\/sbentoresidences.com\/en\/wp-json\/wp\/v2\/pages\/132\/revisions"}],"predecessor-version":[{"id":847,"href":"https:\/\/sbentoresidences.com\/en\/wp-json\/wp\/v2\/pages\/132\/revisions\/847"}],"wp:attachment":[{"href":"https:\/\/sbentoresidences.com\/en\/wp-json\/wp\/v2\/media?parent=132"}],"curies":[{"name":"wp","href":"https:\/\/api.w.org\/{rel}","templated":true}]}}