{"id":19,"date":"2023-09-14T15:00:53","date_gmt":"2023-09-14T15:00:53","guid":{"rendered":"http:\/\/zdu.lcb.mybluehost.me\/.website_c43e98ff\/?page_id=19"},"modified":"2023-10-26T11:43:39","modified_gmt":"2023-10-26T11:43:39","slug":"home","status":"publish","type":"page","link":"https:\/\/sbentoresidences.com\/en\/","title":{"rendered":"Home"},"content":{"rendered":"<section class=\"bde-section-19-100 bde-section\">\n              \n  \n  \n\t    \n      <div class=\"section-background-video\">\n              <video\n          autoplay\n muted\n playsinline\n loop\n poster=\"https:\/\/sbentoresidences.comwp-content\/uploads\/2023\/07\/IMG_8040-E-scaled.jpg\"\n                >\n        <source src=\"https:\/\/sbentoresidences.com\/wp-content\/uploads\/2023\/10\/SBR_PACK-ROMANTIC_2-Sem-Copy.mp4\" type=\"video\/mp4\" \/>\n      <\/video>\n      <\/div>\n\n\n\n\n<div class=\"section-container\"><div class=\"bde-button-19-160 bde-button\">\n    \n                        \n                        \n    \n    \n    \n    \n            \n                    \n            \n            \n\n    \n    \n    \n    \n    \n    <a class=\"breakdance-link button-atom button-atom--custom bde-button__button\" href=\"https:\/\/www.youtube.com\/watch?v=lJl7Fgwa-t8\" target=\"_blank\" data-type=\"url\"  >\n\n    \n        <span class=\"button-atom__text\">SEE THE VIDEO<\/span>\n\n                            \n        \n                <\/a>\n\n    \n\n\n<\/div><\/div>\n<\/section><section class=\"bde-section-19-105 bde-section\">\n  \n  \n\t\n\n\n\n<div class=\"section-container\"><div class=\"bde-columns-19-106 bde-columns\"><div class=\"bde-column-19-107 bde-column\">\n  \n  \n\t\n\n\n\n<div class=\"bde-image-19-111 bde-image\" data-entrance=\"slideUp\">\n<figure class=\"breakdance-image breakdance-image--774\">\n\t<div class=\"breakdance-image-container\">\n\t\t<div class=\"breakdance-image-clip\"><img data-recalc-dims=\"1\" loading=\"lazy\" decoding=\"async\" class=\"breakdance-image-object\" src=\"https:\/\/i0.wp.com\/sbentoresidences.com\/wp-content\/uploads\/2023\/10\/IMG_8410-E-1024x683-1.jpg?resize=1024%2C683&#038;ssl=1\" width=\"1024\" height=\"683\" srcset=\"https:\/\/sbentoresidences.com\/wp-content\/uploads\/2023\/10\/IMG_8410-E-1024x683-1.jpg 1024w, https:\/\/sbentoresidences.com\/wp-content\/uploads\/2023\/10\/IMG_8410-E-1024x683-1-300x200.jpg 300w, https:\/\/sbentoresidences.com\/wp-content\/uploads\/2023\/10\/IMG_8410-E-1024x683-1-768x512.jpg 768w, https:\/\/sbentoresidences.com\/wp-content\/uploads\/2023\/10\/IMG_8410-E-1024x683-1-18x12.jpg 18w\" sizes=\"auto, (max-width: 1024px) 100vw, 1024px\" alt=\"S.Bento Residences Porto\"><\/div>\n\t<\/div><\/figure>\n\n<\/div><div class=\"bde-text-19-113 bde-text translation-block\" data-entrance=\"slideUp\">S.Bento Residences is a hotel with 16 fully equipped apartments and personalized service.\n\nEach apartment was uniquely decorated by the Architecture and Interior Design Office \u2013 Marta\u2019s, designed for maximum comfort and well-being. It has a kitchen equipped with a stove, washing machine, microwave and fridge, private bathroom, balconies with privileged views, cable TV and free Wi-Fi.\nFor your convenience, S. Bento Residences has a 24-hour reception, with concierge service.<\/div><div class=\"bde-button-19-114 bde-button\" data-entrance=\"slideUp\">\n    \n                                    \n    \n    \n    \n    \n            \n                    \n            \n            \n\n    \n    \n    \n    \n    \n    <a class=\"breakdance-link button-atom button-atom--primary bde-button__button\" href=\"https:\/\/sbentoresidences.com\/en\/?page_id=123\" target=\"_self\" data-type=\"url\"  >\n\n    \n        <span class=\"button-atom__text\">SEE ALL APARTMENTS<\/span>\n\n        \n        \n                <\/a>\n\n    \n\n\n<\/div>\n<\/div><div class=\"bde-column-19-108 bde-column\">\n  \n  \n\t\n\n\n\n<h2 class=\"bde-heading-19-110 bde-heading\">\nS. BENTO RESIDENCES\n<\/h2><h1 class=\"bde-heading-19-109 bde-heading\" data-entrance=\"slideUp\">\nOur Apartments\n<\/h1><div class=\"bde-image-19-112 bde-image\" data-entrance=\"slideRight\">\n<figure class=\"breakdance-image breakdance-image--547\">\n\t<div class=\"breakdance-image-container\">\n\t\t<div class=\"breakdance-image-clip\"><img data-recalc-dims=\"1\" loading=\"lazy\" decoding=\"async\" class=\"breakdance-image-object\" src=\"https:\/\/i0.wp.com\/sbentoresidences.com\/wp-content\/uploads\/2023\/08\/SUPERIOR_IMG_7965-E_CROP.jpg?resize=1369%2C1825&#038;ssl=1\" width=\"1369\" height=\"1825\" srcset=\"https:\/\/i0.wp.com\/sbentoresidences.com\/wp-content\/uploads\/2023\/08\/SUPERIOR_IMG_7965-E_CROP.jpg?w=1369&ssl=1 1369w, https:\/\/i0.wp.com\/sbentoresidences.com\/wp-content\/uploads\/2023\/08\/SUPERIOR_IMG_7965-E_CROP.jpg?resize=225%2C300&ssl=1 225w, https:\/\/i0.wp.com\/sbentoresidences.com\/wp-content\/uploads\/2023\/08\/SUPERIOR_IMG_7965-E_CROP.jpg?resize=768%2C1024&ssl=1 768w, https:\/\/i0.wp.com\/sbentoresidences.com\/wp-content\/uploads\/2023\/08\/SUPERIOR_IMG_7965-E_CROP.jpg?resize=1152%2C1536&ssl=1 1152w\" sizes=\"auto, (max-width: 1369px) 100vw, 1369px\" alt=\"S.Bento Residences Porto\"><\/div>\n\t<\/div><\/figure>\n\n<\/div>\n<\/div><\/div><\/div>\n<\/section><section class=\"bde-section-19-115 bde-section\">\n              \n  \n  \n\t\n\n  <div class=\"section-background-overlay\"><\/div>\n\n\n<div class=\"section-container\"><div class=\"bde-columns-19-117 bde-columns\"><div class=\"bde-column-19-118 bde-column\" data-entrance=\"slideUp\">\n  \n  \n\t\n\n\n\n<h2 class=\"bde-heading-19-116 bde-heading\">\nLOCATION\n<\/h2><h1 class=\"bde-heading-19-120 bde-heading\">\nD. Afonso Henriques Avenue\n<\/h1>\n<\/div><\/div><div class=\"bde-columns-19-122 bde-columns\" data-entrance=\"slideUp\"><div class=\"bde-column-19-123 bde-column\">\n  \n  \n\t\n\n\n\n<h1 class=\"bde-heading-19-127 bde-heading\">\n2 min.\n<\/h1><h2 class=\"bde-heading-19-124 bde-heading\">\nWALK\n<\/h2><h1 class=\"bde-heading-19-129 bde-heading\">\n8 min.\n<\/h1><h2 class=\"bde-heading-19-128 bde-heading\">\nWALK\n<\/h2><h1 class=\"bde-heading-19-130 bde-heading\">\n8 min.\n<\/h1><h2 class=\"bde-heading-19-131 bde-heading\">\nWALK\n<\/h2><h1 class=\"bde-heading-19-132 bde-heading\">\n10 min.\n<\/h1><h2 class=\"bde-heading-19-133 bde-heading\">\nWALK\n<\/h2><h1 class=\"bde-heading-19-134 bde-heading\">\n18 min.\n<\/h1><h2 class=\"bde-heading-19-135 bde-heading\">\nWALK\n<\/h2>\n<\/div><div class=\"bde-column-19-163 bde-column\">\n  \n  \n\t\n\n\n\n<div class=\"bde-image-19-174 bde-image\">\n<figure class=\"breakdance-image breakdance-image--388\">\n\t<div class=\"breakdance-image-container\">\n\t\t<div class=\"breakdance-image-clip\"><img data-recalc-dims=\"1\" loading=\"lazy\" decoding=\"async\" class=\"breakdance-image-object\" src=\"https:\/\/i0.wp.com\/sbentoresidences.com\/wp-content\/uploads\/2023\/07\/dashed-line-01.png?resize=350%2C36&#038;ssl=1\" width=\"350\" height=\"36\" srcset=\"https:\/\/sbentoresidences.com\/wp-content\/uploads\/2023\/07\/dashed-line-01.png 350w, https:\/\/sbentoresidences.com\/wp-content\/uploads\/2023\/07\/dashed-line-01-300x31.png 300w\" sizes=\"auto, (max-width: 350px) 100vw, 350px\"><\/div>\n\t<\/div><\/figure>\n\n<\/div><div class=\"bde-image-19-175 bde-image\">\n<figure class=\"breakdance-image breakdance-image--388\">\n\t<div class=\"breakdance-image-container\">\n\t\t<div class=\"breakdance-image-clip\"><img data-recalc-dims=\"1\" loading=\"lazy\" decoding=\"async\" class=\"breakdance-image-object\" src=\"https:\/\/i0.wp.com\/sbentoresidences.com\/wp-content\/uploads\/2023\/07\/dashed-line-01.png?resize=350%2C36&#038;ssl=1\" width=\"350\" height=\"36\" srcset=\"https:\/\/sbentoresidences.com\/wp-content\/uploads\/2023\/07\/dashed-line-01.png 350w, https:\/\/sbentoresidences.com\/wp-content\/uploads\/2023\/07\/dashed-line-01-300x31.png 300w\" sizes=\"auto, (max-width: 350px) 100vw, 350px\"><\/div>\n\t<\/div><\/figure>\n\n<\/div><div class=\"bde-image-19-176 bde-image\">\n<figure class=\"breakdance-image breakdance-image--388\">\n\t<div class=\"breakdance-image-container\">\n\t\t<div class=\"breakdance-image-clip\"><img data-recalc-dims=\"1\" loading=\"lazy\" decoding=\"async\" class=\"breakdance-image-object\" src=\"https:\/\/i0.wp.com\/sbentoresidences.com\/wp-content\/uploads\/2023\/07\/dashed-line-01.png?resize=350%2C36&#038;ssl=1\" width=\"350\" height=\"36\" srcset=\"https:\/\/sbentoresidences.com\/wp-content\/uploads\/2023\/07\/dashed-line-01.png 350w, https:\/\/sbentoresidences.com\/wp-content\/uploads\/2023\/07\/dashed-line-01-300x31.png 300w\" sizes=\"auto, (max-width: 350px) 100vw, 350px\"><\/div>\n\t<\/div><\/figure>\n\n<\/div><div class=\"bde-image-19-177 bde-image\">\n<figure class=\"breakdance-image breakdance-image--388\">\n\t<div class=\"breakdance-image-container\">\n\t\t<div class=\"breakdance-image-clip\"><img data-recalc-dims=\"1\" loading=\"lazy\" decoding=\"async\" class=\"breakdance-image-object\" src=\"https:\/\/i0.wp.com\/sbentoresidences.com\/wp-content\/uploads\/2023\/07\/dashed-line-01.png?resize=350%2C36&#038;ssl=1\" width=\"350\" height=\"36\" srcset=\"https:\/\/sbentoresidences.com\/wp-content\/uploads\/2023\/07\/dashed-line-01.png 350w, https:\/\/sbentoresidences.com\/wp-content\/uploads\/2023\/07\/dashed-line-01-300x31.png 300w\" sizes=\"auto, (max-width: 350px) 100vw, 350px\"><\/div>\n\t<\/div><\/figure>\n\n<\/div><div class=\"bde-image-19-178 bde-image\">\n<figure class=\"breakdance-image breakdance-image--388\">\n\t<div class=\"breakdance-image-container\">\n\t\t<div class=\"breakdance-image-clip\"><img data-recalc-dims=\"1\" loading=\"lazy\" decoding=\"async\" class=\"breakdance-image-object\" src=\"https:\/\/i0.wp.com\/sbentoresidences.com\/wp-content\/uploads\/2023\/07\/dashed-line-01.png?resize=350%2C36&#038;ssl=1\" width=\"350\" height=\"36\" srcset=\"https:\/\/sbentoresidences.com\/wp-content\/uploads\/2023\/07\/dashed-line-01.png 350w, https:\/\/sbentoresidences.com\/wp-content\/uploads\/2023\/07\/dashed-line-01-300x31.png 300w\" sizes=\"auto, (max-width: 350px) 100vw, 350px\"><\/div>\n\t<\/div><\/figure>\n\n<\/div>\n<\/div><div class=\"bde-column-19-149 bde-column\">\n  \n  \n\t\n\n\n\n<h1 class=\"bde-heading-19-150 bde-heading\">\nEsta\u00e7\u00e3o de S\u00e3o Bento\n<\/h1><h2 class=\"bde-heading-19-151 bde-heading\">\n170 METERS\n<\/h2><h1 class=\"bde-heading-19-152 bde-heading\">\nTorre dos Cl\u00e9rigos\n<\/h1><h2 class=\"bde-heading-19-153 bde-heading\">\n550 METERS\n<\/h2><h1 class=\"bde-heading-19-154 bde-heading\">\nAvenida dos Aliados\n<\/h1><h2 class=\"bde-heading-19-155 bde-heading\">\n600 METERS\n<\/h2><h1 class=\"bde-heading-19-156 bde-heading\">\nCais da Ribeira\n<\/h1><h2 class=\"bde-heading-19-157 bde-heading\">\n600 METERS\n<\/h2><h1 class=\"bde-heading-19-158 bde-heading\">\nSanta Catarina\n<\/h1><h2 class=\"bde-heading-19-159 bde-heading\">\n1,2 KM\n<\/h2>\n<\/div><\/div><\/div>\n<\/section>","protected":false},"excerpt":{"rendered":"<p>Veja o nosso v\u00eddeo O S.Bento Residences \u00e9 uma unidade hoteleira com 16 apartamentos, totalmente equipados e com servi\u00e7o personalizado.Cada apartamento foi decorado de forma \u00fanica pelo Gabinete de Arquitetura e Design de Interiores &#8211; Marta&#8217;s, pensado para o m\u00e1ximo conforto e bem-estar. Disp\u00f5e de cozinha equipada com fog\u00e3o, m\u00e1quina de lavar roupa, micro-ondas e [&hellip;]<\/p>\n","protected":false},"author":1,"featured_media":0,"parent":0,"menu_order":0,"comment_status":"closed","ping_status":"closed","template":"","meta":{"_breakdance_hide_in_design_set":false,"_breakdance_tags":"","footnotes":""},"class_list":["post-19","page","type-page","status-publish","hentry"],"yoast_head":"<!-- This site is optimized with the Yoast SEO plugin v27.3 - https:\/\/yoast.com\/product\/yoast-seo-wordpress\/ -->\n<title>Home - S. Bento Residences | Porto<\/title>\n<meta name=\"description\" content=\"S. Bento Residences is a hotel unit in Porto, Portugal, offering 16 tourist apartments with unique decoration and full amenities and located in the heart of historical center. Enjoy the comfort and convenience of a 24-hour reception, concierge service, and privileged views of the city. Book now and choose from various packages for your perfect stay.\" \/>\n<meta name=\"robots\" content=\"index, follow, max-snippet:-1, max-image-preview:large, max-video-preview:-1\" \/>\n<link rel=\"canonical\" href=\"https:\/\/sbentoresidences.com\/en\/\" \/>\n<meta property=\"og:locale\" content=\"en_GB\" \/>\n<meta property=\"og:type\" content=\"article\" \/>\n<meta property=\"og:title\" content=\"Home - S. Bento Residences | Porto\" \/>\n<meta property=\"og:description\" content=\"S. Bento Residences is a hotel unit in Porto, Portugal, offering 16 tourist apartments with unique decoration and full amenities and located in the heart of historical center. Enjoy the comfort and convenience of a 24-hour reception, concierge service, and privileged views of the city. Book now and choose from various packages for your perfect stay.\" \/>\n<meta property=\"og:url\" content=\"https:\/\/sbentoresidences.com\/en\/\" \/>\n<meta property=\"og:site_name\" content=\"S. Bento Residences\" \/>\n<meta property=\"article:publisher\" content=\"https:\/\/www.facebook.com\/sbentoresidences\" \/>\n<meta property=\"article:modified_time\" content=\"2023-10-26T11:43:39+00:00\" \/>\n<meta property=\"og:image\" content=\"https:\/\/i0.wp.com\/sbentoresidences.com\/wp-content\/uploads\/2023\/07\/IMG_7563-E-scaled.jpg?fit=2560%2C1706&ssl=1\" \/>\n\t<meta property=\"og:image:width\" content=\"2560\" \/>\n\t<meta property=\"og:image:height\" content=\"1706\" \/>\n\t<meta property=\"og:image:type\" content=\"image\/jpeg\" \/>\n<meta name=\"twitter:card\" content=\"summary_large_image\" \/>\n<script type=\"application\/ld+json\" class=\"yoast-schema-graph\">{\"@context\":\"https:\\\/\\\/schema.org\",\"@graph\":[{\"@type\":\"WebPage\",\"@id\":\"https:\\\/\\\/sbentoresidences.com\\\/\",\"url\":\"https:\\\/\\\/sbentoresidences.com\\\/\",\"name\":\"Home - S. Bento Residences | Porto\",\"isPartOf\":{\"@id\":\"https:\\\/\\\/sbentoresidences.com\\\/#website\"},\"datePublished\":\"2023-09-14T15:00:53+00:00\",\"dateModified\":\"2023-10-26T11:43:39+00:00\",\"description\":\"S. Bento Residences is a hotel unit in Porto, Portugal, offering 16 tourist apartments with unique decoration and full amenities and located in the heart of historical center. Enjoy the comfort and convenience of a 24-hour reception, concierge service, and privileged views of the city. Book now and choose from various packages for your perfect stay.\",\"breadcrumb\":{\"@id\":\"https:\\\/\\\/sbentoresidences.com\\\/#breadcrumb\"},\"inLanguage\":\"en-GB\",\"potentialAction\":[{\"@type\":\"ReadAction\",\"target\":[\"https:\\\/\\\/sbentoresidences.com\\\/\"]}]},{\"@type\":\"BreadcrumbList\",\"@id\":\"https:\\\/\\\/sbentoresidences.com\\\/#breadcrumb\",\"itemListElement\":[{\"@type\":\"ListItem\",\"position\":1,\"name\":\"Home\",\"item\":\"https:\\\/\\\/sbentoresidences.com\\\/\"},{\"@type\":\"ListItem\",\"position\":2,\"name\":\"Home\"}]},{\"@type\":\"WebSite\",\"@id\":\"https:\\\/\\\/sbentoresidences.com\\\/#website\",\"url\":\"https:\\\/\\\/sbentoresidences.com\\\/\",\"name\":\"S. Bento Residences\",\"description\":\"S. Bento Residences\",\"publisher\":{\"@id\":\"https:\\\/\\\/sbentoresidences.com\\\/#organization\"},\"alternateName\":\"S\u00e3o Bento Residences\",\"potentialAction\":[{\"@type\":\"SearchAction\",\"target\":{\"@type\":\"EntryPoint\",\"urlTemplate\":\"https:\\\/\\\/sbentoresidences.com\\\/?s={search_term_string}\"},\"query-input\":{\"@type\":\"PropertyValueSpecification\",\"valueRequired\":true,\"valueName\":\"search_term_string\"}}],\"inLanguage\":\"en-GB\"},{\"@type\":\"Organization\",\"@id\":\"https:\\\/\\\/sbentoresidences.com\\\/#organization\",\"name\":\"S. Bento Residences\",\"url\":\"https:\\\/\\\/sbentoresidences.com\\\/\",\"logo\":{\"@type\":\"ImageObject\",\"inLanguage\":\"en-GB\",\"@id\":\"https:\\\/\\\/sbentoresidences.com\\\/#\\\/schema\\\/logo\\\/image\\\/\",\"url\":\"https:\\\/\\\/sbentoresidences.com\\\/wp-content\\\/uploads\\\/2023\\\/07\\\/logos-03-Dourado.png\",\"contentUrl\":\"https:\\\/\\\/sbentoresidences.com\\\/wp-content\\\/uploads\\\/2023\\\/07\\\/logos-03-Dourado.png\",\"width\":1251,\"height\":1250,\"caption\":\"S. Bento Residences\"},\"image\":{\"@id\":\"https:\\\/\\\/sbentoresidences.com\\\/#\\\/schema\\\/logo\\\/image\\\/\"},\"sameAs\":[\"https:\\\/\\\/www.facebook.com\\\/sbentoresidences\",\"https:\\\/\\\/www.instagram.com\\\/s.bentoresidences\\\/\"]}]}<\/script>\n<!-- \/ Yoast SEO plugin. -->","yoast_head_json":{"title":"Home - S. Bento Residences | Porto","description":"S. Bento Residences is a hotel unit in Porto, Portugal, offering 16 tourist apartments with unique decoration and full amenities and located in the heart of historical center. Enjoy the comfort and convenience of a 24-hour reception, concierge service, and privileged views of the city. Book now and choose from various packages for your perfect stay.","robots":{"index":"index","follow":"follow","max-snippet":"max-snippet:-1","max-image-preview":"max-image-preview:large","max-video-preview":"max-video-preview:-1"},"canonical":"https:\/\/sbentoresidences.com\/en\/","og_locale":"en_GB","og_type":"article","og_title":"Home - S. Bento Residences | Porto","og_description":"S. Bento Residences is a hotel unit in Porto, Portugal, offering 16 tourist apartments with unique decoration and full amenities and located in the heart of historical center. Enjoy the comfort and convenience of a 24-hour reception, concierge service, and privileged views of the city. Book now and choose from various packages for your perfect stay.","og_url":"https:\/\/sbentoresidences.com\/en\/","og_site_name":"S. Bento Residences","article_publisher":"https:\/\/www.facebook.com\/sbentoresidences","article_modified_time":"2023-10-26T11:43:39+00:00","og_image":[{"width":2560,"height":1706,"url":"https:\/\/i0.wp.com\/sbentoresidences.com\/wp-content\/uploads\/2023\/07\/IMG_7563-E-scaled.jpg?fit=2560%2C1706&ssl=1","type":"image\/jpeg"}],"twitter_card":"summary_large_image","schema":{"@context":"https:\/\/schema.org","@graph":[{"@type":"WebPage","@id":"https:\/\/sbentoresidences.com\/","url":"https:\/\/sbentoresidences.com\/","name":"Home - S. Bento Residences | Porto","isPartOf":{"@id":"https:\/\/sbentoresidences.com\/#website"},"datePublished":"2023-09-14T15:00:53+00:00","dateModified":"2023-10-26T11:43:39+00:00","description":"S. Bento Residences is a hotel unit in Porto, Portugal, offering 16 tourist apartments with unique decoration and full amenities and located in the heart of historical center. Enjoy the comfort and convenience of a 24-hour reception, concierge service, and privileged views of the city. Book now and choose from various packages for your perfect stay.","breadcrumb":{"@id":"https:\/\/sbentoresidences.com\/#breadcrumb"},"inLanguage":"en-GB","potentialAction":[{"@type":"ReadAction","target":["https:\/\/sbentoresidences.com\/"]}]},{"@type":"BreadcrumbList","@id":"https:\/\/sbentoresidences.com\/#breadcrumb","itemListElement":[{"@type":"ListItem","position":1,"name":"Home","item":"https:\/\/sbentoresidences.com\/"},{"@type":"ListItem","position":2,"name":"Home"}]},{"@type":"WebSite","@id":"https:\/\/sbentoresidences.com\/#website","url":"https:\/\/sbentoresidences.com\/","name":"S. Bento Residences","description":"S. Bento Residences","publisher":{"@id":"https:\/\/sbentoresidences.com\/#organization"},"alternateName":"S\u00e3o Bento Residences","potentialAction":[{"@type":"SearchAction","target":{"@type":"EntryPoint","urlTemplate":"https:\/\/sbentoresidences.com\/?s={search_term_string}"},"query-input":{"@type":"PropertyValueSpecification","valueRequired":true,"valueName":"search_term_string"}}],"inLanguage":"en-GB"},{"@type":"Organization","@id":"https:\/\/sbentoresidences.com\/#organization","name":"S. Bento Residences","url":"https:\/\/sbentoresidences.com\/","logo":{"@type":"ImageObject","inLanguage":"en-GB","@id":"https:\/\/sbentoresidences.com\/#\/schema\/logo\/image\/","url":"https:\/\/sbentoresidences.com\/wp-content\/uploads\/2023\/07\/logos-03-Dourado.png","contentUrl":"https:\/\/sbentoresidences.com\/wp-content\/uploads\/2023\/07\/logos-03-Dourado.png","width":1251,"height":1250,"caption":"S. Bento Residences"},"image":{"@id":"https:\/\/sbentoresidences.com\/#\/schema\/logo\/image\/"},"sameAs":["https:\/\/www.facebook.com\/sbentoresidences","https:\/\/www.instagram.com\/s.bentoresidences\/"]}]}},"jetpack_sharing_enabled":true,"_links":{"self":[{"href":"https:\/\/sbentoresidences.com\/en\/wp-json\/wp\/v2\/pages\/19","targetHints":{"allow":["GET"]}}],"collection":[{"href":"https:\/\/sbentoresidences.com\/en\/wp-json\/wp\/v2\/pages"}],"about":[{"href":"https:\/\/sbentoresidences.com\/en\/wp-json\/wp\/v2\/types\/page"}],"author":[{"embeddable":true,"href":"https:\/\/sbentoresidences.com\/en\/wp-json\/wp\/v2\/users\/1"}],"replies":[{"embeddable":true,"href":"https:\/\/sbentoresidences.com\/en\/wp-json\/wp\/v2\/comments?post=19"}],"version-history":[{"count":31,"href":"https:\/\/sbentoresidences.com\/en\/wp-json\/wp\/v2\/pages\/19\/revisions"}],"predecessor-version":[{"id":968,"href":"https:\/\/sbentoresidences.com\/en\/wp-json\/wp\/v2\/pages\/19\/revisions\/968"}],"wp:attachment":[{"href":"https:\/\/sbentoresidences.com\/en\/wp-json\/wp\/v2\/media?parent=19"}],"curies":[{"name":"wp","href":"https:\/\/api.w.org\/{rel}","templated":true}]}}