{"id":312,"date":"2023-09-14T15:00:53","date_gmt":"2023-09-14T15:00:53","guid":{"rendered":"http:\/\/zdu.lcb.mybluehost.me\/.website_c43e98ff\/?page_id=312"},"modified":"2023-10-08T20:03:46","modified_gmt":"2023-10-08T20:03:46","slug":"mapa-do-site","status":"publish","type":"page","link":"https:\/\/sbentoresidences.com\/en\/mapa-do-site\/","title":{"rendered":"Sitemap"},"content":{"rendered":"<section class=\"bde-section-312-100 bde-section\">\n              \n  \n  \n\t\n\n  <div class=\"section-background-overlay\"><\/div>\n\n\n<div class=\"section-container\"><h1 class=\"bde-heading-312-101 bde-heading\">\nSitemap\n<\/h1><h2 class=\"bde-heading-312-102 bde-heading\">\nPAGES\n<\/h2><div class=\"bde-columns-312-108 bde-columns\"><div class=\"bde-column-312-109 bde-column\">\n  \n  \n\t\n\n\n\n<ul class=\"bde-basic-list-312-104 bde-basic-list\">\n  <li class='bde-basic-list-item-with-link' >    \n                  \n            \n            \n\n    \n    \n    \n    \n    \n    <a class=\"breakdance-link\" href=\"https:\/\/sbentoresidences.comapartamentos\/\" target=\"_self\" data-type=\"url\"  >\n\n          Our Apartments\n              <\/a>\n\n      <\/li>\n<\/ul><ul class=\"bde-basic-list-312-105 bde-basic-list\">\n  <li class='bde-basic-list-item-with-link' >    \n                  \n            \n            \n\n    \n    \n    \n    \n    \n    <a class=\"breakdance-link\" href=\"https:\/\/sbentoresidences.comone-bedroom-apartment\/\" target=\"_self\" data-type=\"url\"  >\n\n          One Bedroom Apartment\n              <\/a>\n\n      <\/li>\n  <li class='bde-basic-list-item-with-link' >    \n                  \n            \n            \n\n    \n    \n    \n    \n    \n    <a class=\"breakdance-link\" href=\"https:\/\/sbentoresidences.comstudio\/\" target=\"_self\" data-type=\"url\"  >\n\n          Studio\n              <\/a>\n\n      <\/li>\n  <li class='bde-basic-list-item-with-link' >    \n                  \n            \n            \n\n    \n    \n    \n    \n    \n    <a class=\"breakdance-link\" href=\"https:\/\/sbentoresidences.comstudio-superior\/\" target=\"_self\" data-type=\"url\"  >\n\n          Superior Studio\n              <\/a>\n\n      <\/li>\n<\/ul><ul class=\"bde-basic-list-312-106 bde-basic-list\">\n  <li class='bde-basic-list-item-with-link' >    \n                  \n            \n            \n\n    \n    \n    \n    \n    \n    <a class=\"breakdance-link\" href=\"https:\/\/sbentoresidences.comcontactos\/\" target=\"_self\" data-type=\"url\"  >\n\n          Contact\n              <\/a>\n\n      <\/li>\n  <li class='bde-basic-list-item-with-link' >    \n                  \n            \n            \n\n    \n    \n    \n    \n    \n    <a class=\"breakdance-link\" href=\"https:\/\/sbentoresidences.comexperiencias-e-programas\/\" target=\"_self\" data-type=\"url\"  >\n\n          Experiences &amp; Packages\n              <\/a>\n\n      <\/li>\n  <li class='bde-basic-list-item-with-link' >    \n                  \n            \n            \n\n    \n    \n    \n    \n    \n    <a class=\"breakdance-link\" href=\"https:\/\/sbentoresidences.comimprensa\/\" target=\"_self\" data-type=\"url\"  >\n\n          Press\n              <\/a>\n\n      <\/li>\n  <li class='bde-basic-list-item-with-link' >    \n                  \n            \n            \n\n    \n    \n    \n    \n    \n    <a class=\"breakdance-link\" href=\"https:\/\/sbentoresidences.cominfo-legal\/\" target=\"_self\" data-type=\"url\"  >\n\n          Legal Information\n              <\/a>\n\n      <\/li>\n  <li class='bde-basic-list-item-with-link' >    \n                  \n            \n            \n\n    \n    \n    \n    \n    \n    <a class=\"breakdance-link\" href=\"https:\/\/sbentoresidences.comlocalizacao\/\" target=\"_self\" data-type=\"url\"  >\n\n          Location\n              <\/a>\n\n      <\/li>\n  <li class='bde-basic-list-item-with-link' >    \n                  \n            \n            \n\n    \n    \n    \n    \n    \n    <a class=\"breakdance-link\" href=\"https:\/\/sbentoresidences.commapa-do-site\/\" target=\"_self\" data-type=\"url\"  >\n\n          Sitemap\n              <\/a>\n\n      <\/li>\n  <li class='bde-basic-list-item-with-link' >    \n                  \n            \n            \n\n    \n    \n    \n    \n    \n    <a class=\"breakdance-link\" href=\"https:\/\/sbentoresidences.comedificio\/\" target=\"_self\" data-type=\"url\"  >\n\n          About Us\n              <\/a>\n\n      <\/li>\n  <li class='bde-basic-list-item-with-link' >    \n                  \n            \n            \n\n    \n    \n    \n    \n    \n    <a class=\"breakdance-link\" href=\"https:\/\/sbentoresidences.comexperiencias-e-programas\/\" target=\"_self\" data-type=\"url\"  >\n\n          Packs\n              <\/a>\n\n      <\/li>\n  <li class='bde-basic-list-item-with-link' >    \n                  \n            \n            \n\n    \n    \n    \n    \n    \n    <a class=\"breakdance-link\" href=\"https:\/\/sbentoresidences.comexperiencias-e-programas\/\" target=\"_self\" data-type=\"url\"  >\n\n          Packs\n              <\/a>\n\n      <\/li>\n  <li class='bde-basic-list-item-with-link' >    \n                  \n            \n            \n\n    \n    \n    \n    \n    \n    <a class=\"breakdance-link\" href=\"https:\/\/sbentoresidences.compolitica-de-cookies\/\" target=\"_self\" data-type=\"url\"  >\n\n          Cookie policy\n              <\/a>\n\n      <\/li>\n  <li class='bde-basic-list-item-with-link' >    \n                  \n            \n            \n\n    \n    \n    \n    \n    \n    <a class=\"breakdance-link\" href=\"https:\/\/sbentoresidences.compolitica-de-privacidade\/\" target=\"_self\" data-type=\"url\"  >\n\n          Privacy Policy\n              <\/a>\n\n      <\/li>\n  <li class='bde-basic-list-item-with-link' >    \n                  \n            \n            \n\n    \n    \n    \n    \n    \n    <a class=\"breakdance-link\" href=\"https:\/\/sbentoresidences.comtermos-e-condi\u00e7\u00f5es\/\" target=\"_self\" data-type=\"url\"  >\n\n          Terms and Conditions\n              <\/a>\n\n      <\/li>\n<\/ul>\n<\/div><div class=\"bde-column-312-110 bde-column\">\n  \n  \n\t\n\n\n\n<div class=\"bde-image-312-111 bde-image\">\n<figure class=\"breakdance-image breakdance-image--65\">\n\t<div class=\"breakdance-image-container\">\n\t\t<div class=\"breakdance-image-clip\"><img data-recalc-dims=\"1\" loading=\"lazy\" decoding=\"async\" class=\"breakdance-image-object\" src=\"https:\/\/i0.wp.com\/sbentoresidences.com\/wp-content\/uploads\/2023\/07\/contacto-scaled.jpg?resize=2560%2C1706&#038;ssl=1\" width=\"2560\" height=\"1706\" srcset=\"https:\/\/sbentoresidences.com\/wp-content\/uploads\/2023\/07\/contacto-scaled.jpg 2560w, https:\/\/sbentoresidences.com\/wp-content\/uploads\/2023\/07\/contacto-300x200.jpg 300w, https:\/\/sbentoresidences.com\/wp-content\/uploads\/2023\/07\/contacto-1024x683.jpg 1024w, https:\/\/sbentoresidences.com\/wp-content\/uploads\/2023\/07\/contacto-768x512.jpg 768w, https:\/\/sbentoresidences.com\/wp-content\/uploads\/2023\/07\/contacto-1536x1024.jpg 1536w, https:\/\/sbentoresidences.com\/wp-content\/uploads\/2023\/07\/contacto-2048x1365.jpg 2048w\" sizes=\"auto, (max-width: 2560px) 100vw, 2560px\"><\/div>\n\t<\/div><\/figure>\n\n<\/div>\n<\/div><\/div><\/div>\n<\/section>","protected":false},"excerpt":{"rendered":"<p>Mapa do Site P\u00c1GINAS Apartamentos One Bedroom Apartment Studio Studio Superior Contactos Experi\u00eancias Imprensa Informa\u00e7\u00e3o Legal Localiza\u00e7\u00e3o Mapa do Site O Edif\u00edcio Pack&#8217;s Pack&#8217;s Pol\u00edtica de Cookies Pol\u00edtica de Privacidade Termos e Condi\u00e7\u00f5es<\/p>","protected":false},"author":5,"featured_media":0,"parent":0,"menu_order":0,"comment_status":"closed","ping_status":"closed","template":"","meta":{"_breakdance_hide_in_design_set":false,"_breakdance_tags":"","footnotes":""},"class_list":["post-312","page","type-page","status-publish","hentry"],"yoast_head":"<!-- This site is optimized with the Yoast SEO plugin v27.3 - https:\/\/yoast.com\/product\/yoast-seo-wordpress\/ -->\n<title>Mapa do Site - S. Bento Residences<\/title>\n<meta name=\"robots\" content=\"noindex, follow\" \/>\n<meta property=\"og:locale\" content=\"en_GB\" \/>\n<meta property=\"og:type\" content=\"article\" \/>\n<meta property=\"og:title\" content=\"Mapa do Site - S. Bento Residences\" \/>\n<meta property=\"og:description\" content=\"Mapa do Site P\u00c1GINAS Apartamentos One Bedroom Apartment Studio Studio Superior Contactos Experi\u00eancias Imprensa Informa\u00e7\u00e3o Legal Localiza\u00e7\u00e3o Mapa do Site O Edif\u00edcio Pack&#039;s Pack&#039;s Pol\u00edtica de Cookies Pol\u00edtica de Privacidade Termos e Condi\u00e7\u00f5es\" \/>\n<meta property=\"og:url\" content=\"https:\/\/sbentoresidences.com\/en\/mapa-do-site\/\" \/>\n<meta property=\"og:site_name\" content=\"S. Bento Residences\" \/>\n<meta property=\"article:publisher\" content=\"https:\/\/www.facebook.com\/sbentoresidences\" \/>\n<meta property=\"article:modified_time\" content=\"2023-10-08T20:03:46+00:00\" \/>\n<meta property=\"og:image\" content=\"https:\/\/i0.wp.com\/sbentoresidences.com\/wp-content\/uploads\/2023\/07\/IMG_7563-E-scaled.jpg?fit=2560%2C1706&ssl=1\" \/>\n\t<meta property=\"og:image:width\" content=\"2560\" \/>\n\t<meta property=\"og:image:height\" content=\"1706\" \/>\n\t<meta property=\"og:image:type\" content=\"image\/jpeg\" \/>\n<meta name=\"twitter:card\" content=\"summary_large_image\" \/>\n<script type=\"application\/ld+json\" class=\"yoast-schema-graph\">{\"@context\":\"https:\\\/\\\/schema.org\",\"@graph\":[{\"@type\":\"WebPage\",\"@id\":\"https:\\\/\\\/sbentoresidences.com\\\/mapa-do-site\\\/\",\"url\":\"https:\\\/\\\/sbentoresidences.com\\\/mapa-do-site\\\/\",\"name\":\"Mapa do Site - S. Bento Residences\",\"isPartOf\":{\"@id\":\"https:\\\/\\\/sbentoresidences.com\\\/#website\"},\"datePublished\":\"2023-09-14T15:00:53+00:00\",\"dateModified\":\"2023-10-08T20:03:46+00:00\",\"breadcrumb\":{\"@id\":\"https:\\\/\\\/sbentoresidences.com\\\/mapa-do-site\\\/#breadcrumb\"},\"inLanguage\":\"en-GB\",\"potentialAction\":[{\"@type\":\"ReadAction\",\"target\":[\"https:\\\/\\\/sbentoresidences.com\\\/mapa-do-site\\\/\"]}]},{\"@type\":\"BreadcrumbList\",\"@id\":\"https:\\\/\\\/sbentoresidences.com\\\/mapa-do-site\\\/#breadcrumb\",\"itemListElement\":[{\"@type\":\"ListItem\",\"position\":1,\"name\":\"Home\",\"item\":\"https:\\\/\\\/sbentoresidences.com\\\/\"},{\"@type\":\"ListItem\",\"position\":2,\"name\":\"Mapa do Site\"}]},{\"@type\":\"WebSite\",\"@id\":\"https:\\\/\\\/sbentoresidences.com\\\/#website\",\"url\":\"https:\\\/\\\/sbentoresidences.com\\\/\",\"name\":\"S. Bento Residences\",\"description\":\"S. Bento Residences\",\"publisher\":{\"@id\":\"https:\\\/\\\/sbentoresidences.com\\\/#organization\"},\"alternateName\":\"S\u00e3o Bento Residences\",\"potentialAction\":[{\"@type\":\"SearchAction\",\"target\":{\"@type\":\"EntryPoint\",\"urlTemplate\":\"https:\\\/\\\/sbentoresidences.com\\\/?s={search_term_string}\"},\"query-input\":{\"@type\":\"PropertyValueSpecification\",\"valueRequired\":true,\"valueName\":\"search_term_string\"}}],\"inLanguage\":\"en-GB\"},{\"@type\":\"Organization\",\"@id\":\"https:\\\/\\\/sbentoresidences.com\\\/#organization\",\"name\":\"S. Bento Residences\",\"url\":\"https:\\\/\\\/sbentoresidences.com\\\/\",\"logo\":{\"@type\":\"ImageObject\",\"inLanguage\":\"en-GB\",\"@id\":\"https:\\\/\\\/sbentoresidences.com\\\/#\\\/schema\\\/logo\\\/image\\\/\",\"url\":\"https:\\\/\\\/sbentoresidences.com\\\/wp-content\\\/uploads\\\/2023\\\/07\\\/logos-03-Dourado.png\",\"contentUrl\":\"https:\\\/\\\/sbentoresidences.com\\\/wp-content\\\/uploads\\\/2023\\\/07\\\/logos-03-Dourado.png\",\"width\":1251,\"height\":1250,\"caption\":\"S. Bento Residences\"},\"image\":{\"@id\":\"https:\\\/\\\/sbentoresidences.com\\\/#\\\/schema\\\/logo\\\/image\\\/\"},\"sameAs\":[\"https:\\\/\\\/www.facebook.com\\\/sbentoresidences\",\"https:\\\/\\\/www.instagram.com\\\/s.bentoresidences\\\/\"]}]}<\/script>\n<!-- \/ Yoast SEO plugin. -->","yoast_head_json":{"title":"Mapa do Site - S. Bento Residences","robots":{"index":"noindex","follow":"follow"},"og_locale":"en_GB","og_type":"article","og_title":"Mapa do Site - S. Bento Residences","og_description":"Mapa do Site P\u00c1GINAS Apartamentos One Bedroom Apartment Studio Studio Superior Contactos Experi\u00eancias Imprensa Informa\u00e7\u00e3o Legal Localiza\u00e7\u00e3o Mapa do Site O Edif\u00edcio Pack's Pack's Pol\u00edtica de Cookies Pol\u00edtica de Privacidade Termos e Condi\u00e7\u00f5es","og_url":"https:\/\/sbentoresidences.com\/en\/mapa-do-site\/","og_site_name":"S. Bento Residences","article_publisher":"https:\/\/www.facebook.com\/sbentoresidences","article_modified_time":"2023-10-08T20:03:46+00:00","og_image":[{"width":2560,"height":1706,"url":"https:\/\/i0.wp.com\/sbentoresidences.com\/wp-content\/uploads\/2023\/07\/IMG_7563-E-scaled.jpg?fit=2560%2C1706&ssl=1","type":"image\/jpeg"}],"twitter_card":"summary_large_image","schema":{"@context":"https:\/\/schema.org","@graph":[{"@type":"WebPage","@id":"https:\/\/sbentoresidences.com\/mapa-do-site\/","url":"https:\/\/sbentoresidences.com\/mapa-do-site\/","name":"Mapa do Site - S. Bento Residences","isPartOf":{"@id":"https:\/\/sbentoresidences.com\/#website"},"datePublished":"2023-09-14T15:00:53+00:00","dateModified":"2023-10-08T20:03:46+00:00","breadcrumb":{"@id":"https:\/\/sbentoresidences.com\/mapa-do-site\/#breadcrumb"},"inLanguage":"en-GB","potentialAction":[{"@type":"ReadAction","target":["https:\/\/sbentoresidences.com\/mapa-do-site\/"]}]},{"@type":"BreadcrumbList","@id":"https:\/\/sbentoresidences.com\/mapa-do-site\/#breadcrumb","itemListElement":[{"@type":"ListItem","position":1,"name":"Home","item":"https:\/\/sbentoresidences.com\/"},{"@type":"ListItem","position":2,"name":"Mapa do Site"}]},{"@type":"WebSite","@id":"https:\/\/sbentoresidences.com\/#website","url":"https:\/\/sbentoresidences.com\/","name":"S. Bento Residences","description":"S. Bento Residences","publisher":{"@id":"https:\/\/sbentoresidences.com\/#organization"},"alternateName":"S\u00e3o Bento Residences","potentialAction":[{"@type":"SearchAction","target":{"@type":"EntryPoint","urlTemplate":"https:\/\/sbentoresidences.com\/?s={search_term_string}"},"query-input":{"@type":"PropertyValueSpecification","valueRequired":true,"valueName":"search_term_string"}}],"inLanguage":"en-GB"},{"@type":"Organization","@id":"https:\/\/sbentoresidences.com\/#organization","name":"S. Bento Residences","url":"https:\/\/sbentoresidences.com\/","logo":{"@type":"ImageObject","inLanguage":"en-GB","@id":"https:\/\/sbentoresidences.com\/#\/schema\/logo\/image\/","url":"https:\/\/sbentoresidences.com\/wp-content\/uploads\/2023\/07\/logos-03-Dourado.png","contentUrl":"https:\/\/sbentoresidences.com\/wp-content\/uploads\/2023\/07\/logos-03-Dourado.png","width":1251,"height":1250,"caption":"S. Bento Residences"},"image":{"@id":"https:\/\/sbentoresidences.com\/#\/schema\/logo\/image\/"},"sameAs":["https:\/\/www.facebook.com\/sbentoresidences","https:\/\/www.instagram.com\/s.bentoresidences\/"]}]}},"jetpack_sharing_enabled":true,"_links":{"self":[{"href":"https:\/\/sbentoresidences.com\/en\/wp-json\/wp\/v2\/pages\/312","targetHints":{"allow":["GET"]}}],"collection":[{"href":"https:\/\/sbentoresidences.com\/en\/wp-json\/wp\/v2\/pages"}],"about":[{"href":"https:\/\/sbentoresidences.com\/en\/wp-json\/wp\/v2\/types\/page"}],"author":[{"embeddable":true,"href":"https:\/\/sbentoresidences.com\/en\/wp-json\/wp\/v2\/users\/5"}],"replies":[{"embeddable":true,"href":"https:\/\/sbentoresidences.com\/en\/wp-json\/wp\/v2\/comments?post=312"}],"version-history":[{"count":14,"href":"https:\/\/sbentoresidences.com\/en\/wp-json\/wp\/v2\/pages\/312\/revisions"}],"predecessor-version":[{"id":828,"href":"https:\/\/sbentoresidences.com\/en\/wp-json\/wp\/v2\/pages\/312\/revisions\/828"}],"wp:attachment":[{"href":"https:\/\/sbentoresidences.com\/en\/wp-json\/wp\/v2\/media?parent=312"}],"curies":[{"name":"wp","href":"https:\/\/api.w.org\/{rel}","templated":true}]}}