{"id":319,"date":"2023-09-14T15:00:53","date_gmt":"2023-09-14T15:00:53","guid":{"rendered":"http:\/\/zdu.lcb.mybluehost.me\/.website_c43e98ff\/?page_id=319"},"modified":"2024-11-15T15:49:30","modified_gmt":"2024-11-15T15:49:30","slug":"politica-de-cookies","status":"publish","type":"page","link":"https:\/\/sbentoresidences.com\/en\/politica-de-cookies\/","title":{"rendered":"Cookie policy"},"content":{"rendered":"<section class=\"bde-section-319-158 bde-section\">\n  \n  \n\t\n\n\n\n<div class=\"section-container\"><\/div>\n<\/section><section class=\"bde-section-319-100 bde-section\">\n  \n  \n\t\n\n\n\n<div class=\"section-container\"><h1 class=\"bde-heading-319-159 bde-heading\">\nCOOKIES POLICY\n<\/h1><h2 class=\"bde-heading-319-102 bde-heading\">\nS. Bento Residences\n<\/h2><h2 class=\"bde-heading-319-166 bde-heading\">\nINTRODUCTION\n<\/h2><div class=\"bde-text-319-103 bde-text translation-block\">a) S.Bento Residences is fully committed to guaranteeing your privacy and ensuring\nyour rights as a data subject.\n\n<br><br>b) \u202fOur Cookie Policy aims to provide you with information about the cookies present\non our website, ensuring that we process your personal data responsibly and\ntransparently.\n\n<br><br>c) \u202fThe S.Bento Residences website, hosted at https:\/\/sbentoresidences.com\/, uses\ncookies that allow our website to function properly.\n\n<br><br>d) Except for necessary cookies, we need your consent for cookies of an analytical\nnature, detailed in our Cookie Policy.\n\ne)\u00a0You can subsequently manage the consent you have given by withdrawing or\nchanging it easily using the access provided at the bottom of our website\u00a0.<\/div><h2 class=\"bde-heading-319-104 bde-heading\">\nII. WHAT COOKIES ARE AND WHAT THEY ARE USED FOR?\n<\/h2><div class=\"bde-text-319-105 bde-text translation-block\">a) Cookies are small text files sent to your computer or mobile device, mobile phone or\ntablet, when you visit our website.\n\n<br><br>b) Cookies are used to help us determine the usefulness, interest and number of visits\nto our website, and allow you, as our user, to browse more quickly and efficiently, for\nexample, by eliminating the need to repeatedly enter the same information, facilitating\nand personalising browsing according to your preferences.<\/div><h2 class=\"bde-heading-319-106 bde-heading\">\nIII. WHAT TYPES OF COOKIES ARE THERE?\n<\/h2><div class=\"bde-text-319-107 bde-text translation-block\">a) Permanent cookies - Permanent cookies are cookies that are stored in the browser\non access devices (PC, mobile and tablet) and are used whenever you visit our site\nagain, allowing us to provide you with a more personalised service.\n\n<br><br>b) Session cookies - Session cookies are temporary cookies that remain in your\nbrowser's cookie file until you close your browser and leave our website. The\ninformation obtained by these cookies is used to analyse traffic patterns on our website, allowing us to identify problems and provide you a better browsing experience.<\/div><h2 class=\"bde-heading-319-108 bde-heading\">\nIV. FOR WHAT PURPOSES ARE COOKIES USED?\n<\/h2><div class=\"bde-text-319-109 bde-text translation-block\">a)\u00a0Cookies can be used for various purposes, depending on their nature, as detailed\nbelow for information purposes:\u202f\n\n<br><br>\u25cf Analytical cookies - These are used anonymously to create and analyse statistics in\norder to improve the functioning of the website.\n\n<br><br>\u25cf Necessary or essential cookies \u2013 These cookies allow you to browse the website\nand use the applications, as well to access secure areas of the website. Without these\ncookies, the required services cannot be provided.\n\n<br><br>\u25cf Functionality cookies \u2013 These cookies store the user's preferences regarding the\nuse of the site, so that you don't have to configure the site again each time you visit it.\u202f\n\n<br><br>\u25cfThird-Party Cookies - They measure the success of applications and the\neffectiveness of third-party advertising. They can also be used to personalise a widget,\ni.e. a software component that can be added to a user interface, such as a web page or\nmobile device home screen, to provide a specific function or access to a service.\n\n<br><br>\u25cf Advertising\/marketing cookies - They target advertising according to the interests\nof each user, in order to direct advertising campaigns considering user\u00b4s tastes, and\nalso limit the number of times you see the add, helping to measure the effectiveness of\nadvertising and the success of our website.<\/div><h2 class=\"bde-heading-319-110 bde-heading\">\nV. WHICH COOKIES DO WE USE ON OUR WEBSITE?\n<\/h2><div class=\"bde-image-319-160 bde-image\">\n<figure class=\"breakdance-image breakdance-image--1039\">\n\t<div class=\"breakdance-image-container\">\n\t\t<div class=\"breakdance-image-clip\"><img data-recalc-dims=\"1\" loading=\"lazy\" decoding=\"async\" class=\"breakdance-image-object\" src=\"https:\/\/i0.wp.com\/sbentoresidences.com\/wp-content\/uploads\/2024\/04\/Captura-de-ecra-2024-04-26-102114.png?resize=755%2C676&#038;ssl=1\" width=\"755\" height=\"676\" srcset=\"https:\/\/i0.wp.com\/sbentoresidences.com\/wp-content\/uploads\/2024\/04\/Captura-de-ecra-2024-04-26-102114.png?w=755&ssl=1 755w, https:\/\/i0.wp.com\/sbentoresidences.com\/wp-content\/uploads\/2024\/04\/Captura-de-ecra-2024-04-26-102114.png?resize=300%2C269&ssl=1 300w, https:\/\/i0.wp.com\/sbentoresidences.com\/wp-content\/uploads\/2024\/04\/Captura-de-ecra-2024-04-26-102114.png?resize=13%2C12&ssl=1 13w\" sizes=\"auto, (max-width: 755px) 100vw, 755px\" alt=\"Cookies S. Bento Residences\"><\/div>\n\t<\/div><\/figure>\n\n<\/div><h2 class=\"bde-heading-319-161 bde-heading\">\nVI.\u202fINFORMA\u00c7\u00c3O ADICIONAL SOBRE POL\u00cdTICA DE COOKIES\n<\/h2><div class=\"bde-text-319-162 bde-text translation-block\">a) Google Analytics ( collects user interactions on our website, e.g. time of visit,\nwhether the user has been to the web page before, which site the user was\nrecommended to visit, IP address.\u202f\n\n<br><br>b) Google Analytics only provides consistent statistical information on visits, e.g. the average duration of the visit, the number of pages viewed, page\/view, what is the percentage of return and new visits, what are the new and repeated visitors, frequency\nand recent visits, interactions, pages visited), demographic data (language,\ncountry\/territory, city), system (browser, operating system, Internet service provider,\ndevice category).\u202f\n\n<br><br>c) Google Analytics is covered by Google's terms and conditions, whose terms of use\ncan be consulted at https:\/\/marketingplatform.google.com\/about\/analytics\/terms\/pt\/ .\n\n<br><br>d) You can also consult Google's privacy information, for which you are solely\nresponsible, by visiting https:\/\/policies.google.com\/privacy?hl=pt-PT .\u202f\n\n<br><br>e) \u202fTo give visitors additional choice about how their data is collected by Google\nAnalytics, Google has developed the \u2018Google Analytics Opt-out Browser\u2019 Add-on, which communicates with the Google Analytics JavaScript (ga.js) to indicate that information about the site visit should not be sent to Google Analytics.\n\n<br><br>f) The extra \u2018Google Analytics Browser Opt-out\u2019 does not prevent information from\nbeing sent to the site itself or to other web analytics services.\u202f\u00a0\n\n<br><br>g) \u202fThe \u2018Google Analytics Opt-out Browser\u2019 can be obtained<\/div><h2 class=\"bde-heading-319-163 bde-heading\">\nVII. DISABLING COOKIES\n<\/h2><div class=\"bde-rich-text-319-174 bde-rich-text breakdance-rich-text-styles\">\n<p>a) Most browsers are configured to accept and reject cookies.\n\n<br><br>b) If you wish, you can change the settings in your browser, although disabling cookies\nmay have an impact on browsing, namely leading to limited and unpersonalised\nbrowsing.\n\n<br><br>c) You can allow, block or delete the cookies installed on your device by accessing your\nbrowser options.\n\n<br><br>d) If you use several devices (phone, tablet or personal computer) to access our\nwebsite, you should bear in mind that each browser on each device is set according to\nyour cookie preferences.\n<br><br>e) Below you will find some useful links to the most commonly used internet browsers,\nand you can obtain more information about deactivating cookies via the links provided:\n\n<br>\u25cfMicrosoft Edge\u00a0\n<br>\u25cfMozilla Firefox\u00a0\n<br>\u25cfGoogle Chrome\u00a0\n<br>\u25cfApple Safari\u00a0\n<br>\u25cfOpera\u00a0\n\n<br><br>f) For more information about cookies please visit www.allaboutcookies.org.<br \/><br \/>b) Caso pretenda, poder\u00e1 alterar a configura\u00e7\u00e3o no seu browser, sem preju\u00edzo que a desativa\u00e7\u00e3o das cookies poder\u00e1 ter impacto na navega\u00e7\u00e3o, nomeadamente, levar a uma navega\u00e7\u00e3o limitada e n\u00e3o personalizada.<br \/><br \/>c) \u00c9 poss\u00edvel permitir, bloquear ou eliminar as cookies instaladas no seu equipamento atrav\u00e9s das op\u00e7\u00f5es do browser.<br \/><br \/>d) Caso utilize diversos dispositivos (telefone, tablet ou computador pessoal) para aceder ao nosso website dever\u00e1 ter em considera\u00e7\u00e3o que cada browser em cada aparelho est\u00e1 definido de acordo com as suas prefer\u00eancias de cookies.<br \/><br \/>e) Encontra indicados, em baixo, alguns links \u00fateis de navegadores de internet mais utilizados, podendo obter mais informa\u00e7\u00f5es sobre desativa\u00e7\u00e3o de cookies atrav\u00e9s dos links disponibilizados:<br \/><br \/>\u25cf<a href=\"https:\/\/support.microsoft.com\/en-us\/windows\/microsoft-edge-browsing-data-and-privacy-bb8174ba-9d73-dcf2-9b4a-c582b4e640dd\">Microsoft Edge<\/a>\u00a0<br \/>\u25cf<a href=\"https:\/\/support.mozilla.org\/en-US\/kb\/clear-cookies-and-site-data-firefox\">Mozilla Firefox<\/a>\u00a0<br \/>\u25cf<a href=\"https:\/\/support.google.com\/chrome\/answer\/95647?hl=en&amp;amp;co=GENIE.Platform%3DDesktop\">Google Chrome\u00a0<\/a><br \/>\u25cf<a href=\"https:\/\/support.apple.com\/en-us\/105082\">Apple Safari\u00a0<\/a><br \/>\u25cf<a href=\"https:\/\/help.opera.com\/en\/latest\/web-preferences\/\">Opera<\/a><br \/><br \/>f) \u202fPara mais informa\u00e7\u00f5es sobre cookies por favor consulte\u202f www.allaboutcookies.org\u202f(apenas em ingl\u00eas)<\/p>\n<\/div><h2 class=\"bde-heading-319-165 bde-heading\">\nVII. APPROVAL\n<\/h2><div class=\"bde-text-319-167 bde-text\">\nS.Bento Residences&#039; Cookie Policy has been approved by its management body.\n<\/div><h2 class=\"bde-heading-319-168 bde-heading\">\nIX. ADDITIONAL INFORMATION\n<\/h2><div class=\"bde-text-319-169 bde-text translation-block\">If you have any questions about the inclusion or management of cookies on our\nwebsite or any other information related to cookies, please contact us using the contact\ndetails provided in the \u2018Contacts\u2019 section of our website, and we will respond to your\nenquiry within the legal time limit.<\/div><h2 class=\"bde-heading-319-170 bde-heading\">\nX. REVISION OF OUR COOKIE POLICY\n<\/h2><div class=\"bde-text-319-171 bde-text translation-block\">a) Our Cookies Policy may be subject to unilateral changes whenever justified, without\nthe need for prior notice.\n\nb) Should any changes be made to our cookie policy, the version will be updated and\nthese changes will become an integral part of this Policy.<\/div><h2 class=\"bde-heading-319-172 bde-heading\">\nXI. VERSION\n<\/h2><div class=\"bde-text-319-173 bde-text\">\nVersion 1.0 \u202f- April 2024\n<\/div><\/div>\n<\/section>","protected":false},"excerpt":{"rendered":"<p>POL\u00cdTICA DE COOKIES S. Bento Residences I. INTRODU\u00c7\u00c3O a) A S.Bento Residences est\u00e1 totalmente empenhada em garantir a sua privacidade eem assegurar os seus direitos enquanto titular de dados pessoais.b) \u202fA nossa Pol\u00edtica de Cookies pretende prestar-lhe informa\u00e7\u00f5es acerca dos cookiespresentes no nosso website, assegurando que fazemos um tratamento dos seusdados pessoais de forma respons\u00e1vel [&hellip;]<\/p>\n","protected":false},"author":5,"featured_media":0,"parent":0,"menu_order":0,"comment_status":"closed","ping_status":"closed","template":"","meta":{"_breakdance_hide_in_design_set":false,"_breakdance_tags":"","footnotes":""},"class_list":["post-319","page","type-page","status-publish","hentry"],"yoast_head":"<!-- This site is optimized with the Yoast SEO plugin v27.3 - https:\/\/yoast.com\/product\/yoast-seo-wordpress\/ -->\n<title>Pol\u00edtica de Cookies - S. Bento Residences<\/title>\n<meta name=\"robots\" content=\"noindex, follow\" \/>\n<meta property=\"og:locale\" content=\"en_GB\" \/>\n<meta property=\"og:type\" content=\"article\" \/>\n<meta property=\"og:title\" content=\"Pol\u00edtica de Cookies - S. Bento Residences\" \/>\n<meta property=\"og:description\" content=\"POL\u00cdTICA DE COOKIES S. Bento Residences I. INTRODU\u00c7\u00c3O a) A S.Bento Residences est\u00e1 totalmente empenhada em garantir a sua privacidade eem assegurar os seus direitos enquanto titular de dados pessoais.b) \u202fA nossa Pol\u00edtica de Cookies pretende prestar-lhe informa\u00e7\u00f5es acerca dos cookiespresentes no nosso website, assegurando que fazemos um tratamento dos seusdados pessoais de forma respons\u00e1vel [&hellip;]\" \/>\n<meta property=\"og:url\" content=\"https:\/\/sbentoresidences.com\/en\/politica-de-cookies\/\" \/>\n<meta property=\"og:site_name\" content=\"S. Bento Residences\" \/>\n<meta property=\"article:publisher\" content=\"https:\/\/www.facebook.com\/sbentoresidences\" \/>\n<meta property=\"article:modified_time\" content=\"2024-11-15T15:49:30+00:00\" \/>\n<meta property=\"og:image\" content=\"https:\/\/i0.wp.com\/sbentoresidences.com\/wp-content\/uploads\/2023\/07\/IMG_7563-E-scaled.jpg?fit=2560%2C1706&ssl=1\" \/>\n\t<meta property=\"og:image:width\" content=\"2560\" \/>\n\t<meta property=\"og:image:height\" content=\"1706\" \/>\n\t<meta property=\"og:image:type\" content=\"image\/jpeg\" \/>\n<meta name=\"twitter:card\" content=\"summary_large_image\" \/>\n<meta name=\"twitter:label1\" content=\"Estimated reading time\" \/>\n\t<meta name=\"twitter:data1\" content=\"7 minutes\" \/>\n<script type=\"application\/ld+json\" class=\"yoast-schema-graph\">{\"@context\":\"https:\\\/\\\/schema.org\",\"@graph\":[{\"@type\":\"WebPage\",\"@id\":\"https:\\\/\\\/sbentoresidences.com\\\/politica-de-cookies\\\/\",\"url\":\"https:\\\/\\\/sbentoresidences.com\\\/politica-de-cookies\\\/\",\"name\":\"Pol\u00edtica de Cookies - S. Bento Residences\",\"isPartOf\":{\"@id\":\"https:\\\/\\\/sbentoresidences.com\\\/#website\"},\"datePublished\":\"2023-09-14T15:00:53+00:00\",\"dateModified\":\"2024-11-15T15:49:30+00:00\",\"breadcrumb\":{\"@id\":\"https:\\\/\\\/sbentoresidences.com\\\/politica-de-cookies\\\/#breadcrumb\"},\"inLanguage\":\"en-GB\",\"potentialAction\":[{\"@type\":\"ReadAction\",\"target\":[\"https:\\\/\\\/sbentoresidences.com\\\/politica-de-cookies\\\/\"]}]},{\"@type\":\"BreadcrumbList\",\"@id\":\"https:\\\/\\\/sbentoresidences.com\\\/politica-de-cookies\\\/#breadcrumb\",\"itemListElement\":[{\"@type\":\"ListItem\",\"position\":1,\"name\":\"Home\",\"item\":\"https:\\\/\\\/sbentoresidences.com\\\/\"},{\"@type\":\"ListItem\",\"position\":2,\"name\":\"Pol\u00edtica de Cookies\"}]},{\"@type\":\"WebSite\",\"@id\":\"https:\\\/\\\/sbentoresidences.com\\\/#website\",\"url\":\"https:\\\/\\\/sbentoresidences.com\\\/\",\"name\":\"S. Bento Residences\",\"description\":\"S. Bento Residences\",\"publisher\":{\"@id\":\"https:\\\/\\\/sbentoresidences.com\\\/#organization\"},\"alternateName\":\"S\u00e3o Bento Residences\",\"potentialAction\":[{\"@type\":\"SearchAction\",\"target\":{\"@type\":\"EntryPoint\",\"urlTemplate\":\"https:\\\/\\\/sbentoresidences.com\\\/?s={search_term_string}\"},\"query-input\":{\"@type\":\"PropertyValueSpecification\",\"valueRequired\":true,\"valueName\":\"search_term_string\"}}],\"inLanguage\":\"en-GB\"},{\"@type\":\"Organization\",\"@id\":\"https:\\\/\\\/sbentoresidences.com\\\/#organization\",\"name\":\"S. Bento Residences\",\"url\":\"https:\\\/\\\/sbentoresidences.com\\\/\",\"logo\":{\"@type\":\"ImageObject\",\"inLanguage\":\"en-GB\",\"@id\":\"https:\\\/\\\/sbentoresidences.com\\\/#\\\/schema\\\/logo\\\/image\\\/\",\"url\":\"https:\\\/\\\/sbentoresidences.com\\\/wp-content\\\/uploads\\\/2023\\\/07\\\/logos-03-Dourado.png\",\"contentUrl\":\"https:\\\/\\\/sbentoresidences.com\\\/wp-content\\\/uploads\\\/2023\\\/07\\\/logos-03-Dourado.png\",\"width\":1251,\"height\":1250,\"caption\":\"S. Bento Residences\"},\"image\":{\"@id\":\"https:\\\/\\\/sbentoresidences.com\\\/#\\\/schema\\\/logo\\\/image\\\/\"},\"sameAs\":[\"https:\\\/\\\/www.facebook.com\\\/sbentoresidences\",\"https:\\\/\\\/www.instagram.com\\\/s.bentoresidences\\\/\"]}]}<\/script>\n<!-- \/ Yoast SEO plugin. -->","yoast_head_json":{"title":"Pol\u00edtica de Cookies - S. Bento Residences","robots":{"index":"noindex","follow":"follow"},"og_locale":"en_GB","og_type":"article","og_title":"Pol\u00edtica de Cookies - S. Bento Residences","og_description":"POL\u00cdTICA DE COOKIES S. Bento Residences I. INTRODU\u00c7\u00c3O a) A S.Bento Residences est\u00e1 totalmente empenhada em garantir a sua privacidade eem assegurar os seus direitos enquanto titular de dados pessoais.b) \u202fA nossa Pol\u00edtica de Cookies pretende prestar-lhe informa\u00e7\u00f5es acerca dos cookiespresentes no nosso website, assegurando que fazemos um tratamento dos seusdados pessoais de forma respons\u00e1vel [&hellip;]","og_url":"https:\/\/sbentoresidences.com\/en\/politica-de-cookies\/","og_site_name":"S. Bento Residences","article_publisher":"https:\/\/www.facebook.com\/sbentoresidences","article_modified_time":"2024-11-15T15:49:30+00:00","og_image":[{"width":2560,"height":1706,"url":"https:\/\/i0.wp.com\/sbentoresidences.com\/wp-content\/uploads\/2023\/07\/IMG_7563-E-scaled.jpg?fit=2560%2C1706&ssl=1","type":"image\/jpeg"}],"twitter_card":"summary_large_image","twitter_misc":{"Estimated reading time":"7 minutes"},"schema":{"@context":"https:\/\/schema.org","@graph":[{"@type":"WebPage","@id":"https:\/\/sbentoresidences.com\/politica-de-cookies\/","url":"https:\/\/sbentoresidences.com\/politica-de-cookies\/","name":"Pol\u00edtica de Cookies - S. Bento Residences","isPartOf":{"@id":"https:\/\/sbentoresidences.com\/#website"},"datePublished":"2023-09-14T15:00:53+00:00","dateModified":"2024-11-15T15:49:30+00:00","breadcrumb":{"@id":"https:\/\/sbentoresidences.com\/politica-de-cookies\/#breadcrumb"},"inLanguage":"en-GB","potentialAction":[{"@type":"ReadAction","target":["https:\/\/sbentoresidences.com\/politica-de-cookies\/"]}]},{"@type":"BreadcrumbList","@id":"https:\/\/sbentoresidences.com\/politica-de-cookies\/#breadcrumb","itemListElement":[{"@type":"ListItem","position":1,"name":"Home","item":"https:\/\/sbentoresidences.com\/"},{"@type":"ListItem","position":2,"name":"Pol\u00edtica de Cookies"}]},{"@type":"WebSite","@id":"https:\/\/sbentoresidences.com\/#website","url":"https:\/\/sbentoresidences.com\/","name":"S. Bento Residences","description":"S. Bento Residences","publisher":{"@id":"https:\/\/sbentoresidences.com\/#organization"},"alternateName":"S\u00e3o Bento Residences","potentialAction":[{"@type":"SearchAction","target":{"@type":"EntryPoint","urlTemplate":"https:\/\/sbentoresidences.com\/?s={search_term_string}"},"query-input":{"@type":"PropertyValueSpecification","valueRequired":true,"valueName":"search_term_string"}}],"inLanguage":"en-GB"},{"@type":"Organization","@id":"https:\/\/sbentoresidences.com\/#organization","name":"S. Bento Residences","url":"https:\/\/sbentoresidences.com\/","logo":{"@type":"ImageObject","inLanguage":"en-GB","@id":"https:\/\/sbentoresidences.com\/#\/schema\/logo\/image\/","url":"https:\/\/sbentoresidences.com\/wp-content\/uploads\/2023\/07\/logos-03-Dourado.png","contentUrl":"https:\/\/sbentoresidences.com\/wp-content\/uploads\/2023\/07\/logos-03-Dourado.png","width":1251,"height":1250,"caption":"S. Bento Residences"},"image":{"@id":"https:\/\/sbentoresidences.com\/#\/schema\/logo\/image\/"},"sameAs":["https:\/\/www.facebook.com\/sbentoresidences","https:\/\/www.instagram.com\/s.bentoresidences\/"]}]}},"jetpack_sharing_enabled":true,"_links":{"self":[{"href":"https:\/\/sbentoresidences.com\/en\/wp-json\/wp\/v2\/pages\/319","targetHints":{"allow":["GET"]}}],"collection":[{"href":"https:\/\/sbentoresidences.com\/en\/wp-json\/wp\/v2\/pages"}],"about":[{"href":"https:\/\/sbentoresidences.com\/en\/wp-json\/wp\/v2\/types\/page"}],"author":[{"embeddable":true,"href":"https:\/\/sbentoresidences.com\/en\/wp-json\/wp\/v2\/users\/5"}],"replies":[{"embeddable":true,"href":"https:\/\/sbentoresidences.com\/en\/wp-json\/wp\/v2\/comments?post=319"}],"version-history":[{"count":22,"href":"https:\/\/sbentoresidences.com\/en\/wp-json\/wp\/v2\/pages\/319\/revisions"}],"predecessor-version":[{"id":1078,"href":"https:\/\/sbentoresidences.com\/en\/wp-json\/wp\/v2\/pages\/319\/revisions\/1078"}],"wp:attachment":[{"href":"https:\/\/sbentoresidences.com\/en\/wp-json\/wp\/v2\/media?parent=319"}],"curies":[{"name":"wp","href":"https:\/\/api.w.org\/{rel}","templated":true}]}}