{"id":534,"date":"2023-09-14T15:00:53","date_gmt":"2023-09-14T15:00:53","guid":{"rendered":"http:\/\/zdu.lcb.mybluehost.me\/.website_c43e98ff\/?page_id=534"},"modified":"2023-10-08T19:20:49","modified_gmt":"2023-10-08T19:20:49","slug":"pet-friendly","status":"publish","type":"page","link":"https:\/\/sbentoresidences.com\/en\/pet-friendly\/","title":{"rendered":"Pet Friendly"},"content":{"rendered":"<section class=\"bde-section-534-100 bde-section\">\n  \n  \n\t\n\n\n\n<div class=\"section-container\"><\/div>\n<\/section><section class=\"bde-section-534-101 bde-section\">\n  \n  \n\t\n\n\n\n<div class=\"section-container\"><h1 class=\"bde-heading-534-102 bde-heading\">\nPet Friendly - Conditions\n<\/h1><div class=\"bde-columns-534-104 bde-columns\"><div class=\"bde-column-534-105 bde-column\">\n  \n  \n\t\n\n\n\n<div class=\"bde-image-534-107 bde-image\">\n<figure class=\"breakdance-image breakdance-image--537\">\n\t<div class=\"breakdance-image-container\">\n\t\t<div class=\"breakdance-image-clip\"><img data-recalc-dims=\"1\" loading=\"lazy\" decoding=\"async\" class=\"breakdance-image-object\" src=\"https:\/\/i0.wp.com\/sbentoresidences.com\/wp-content\/uploads\/2023\/08\/DSC03057.jpg?resize=1245%2C1556&#038;ssl=1\" width=\"1245\" height=\"1556\" srcset=\"https:\/\/sbentoresidences.com\/wp-content\/uploads\/2023\/08\/DSC03057.jpg 1245w, https:\/\/sbentoresidences.com\/wp-content\/uploads\/2023\/08\/DSC03057-240x300.jpg 240w, https:\/\/sbentoresidences.com\/wp-content\/uploads\/2023\/08\/DSC03057-819x1024.jpg 819w, https:\/\/sbentoresidences.com\/wp-content\/uploads\/2023\/08\/DSC03057-768x960.jpg 768w, https:\/\/sbentoresidences.com\/wp-content\/uploads\/2023\/08\/DSC03057-1229x1536.jpg 1229w\" sizes=\"auto, (max-width: 1245px) 100vw, 1245px\"><\/div>\n\t<\/div><\/figure>\n\n<\/div>\n<\/div><div class=\"bde-column-534-106 bde-column\">\n  \n  \n\t\n\n\n\n<div class=\"bde-image-534-108 bde-image\">\n<figure class=\"breakdance-image breakdance-image--538\">\n\t<div class=\"breakdance-image-container\">\n\t\t<div class=\"breakdance-image-clip\"><img data-recalc-dims=\"1\" loading=\"lazy\" decoding=\"async\" class=\"breakdance-image-object\" src=\"https:\/\/i0.wp.com\/sbentoresidences.com\/wp-content\/uploads\/2023\/08\/DSC03177.jpg?resize=1277%2C1596&#038;ssl=1\" width=\"1277\" height=\"1596\" srcset=\"https:\/\/sbentoresidences.com\/wp-content\/uploads\/2023\/08\/DSC03177.jpg 1277w, https:\/\/sbentoresidences.com\/wp-content\/uploads\/2023\/08\/DSC03177-240x300.jpg 240w, https:\/\/sbentoresidences.com\/wp-content\/uploads\/2023\/08\/DSC03177-819x1024.jpg 819w, https:\/\/sbentoresidences.com\/wp-content\/uploads\/2023\/08\/DSC03177-768x960.jpg 768w, https:\/\/sbentoresidences.com\/wp-content\/uploads\/2023\/08\/DSC03177-1229x1536.jpg 1229w\" sizes=\"auto, (max-width: 1277px) 100vw, 1277px\"><\/div>\n\t<\/div><\/figure>\n\n<\/div>\n<\/div><\/div><\/div>\n<\/section><section class=\"bde-section-534-110 bde-section\">\n  \n  \n\t\n\n\n\n<div class=\"section-container\"><div class=\"bde-rich-text-534-167 bde-rich-text breakdance-rich-text-styles\">\n<p><strong>Cats and small and medium-sized dogs up to 20kg are welcome at S. Bento Residences!&nbsp;<\/strong><\/p><p>\u2022 One pet is allowed per room associated with the guest\/owner's booking;&nbsp;<\/p><p>\u2022 Access for guide dogs is unlimited in terms of size and weight;&nbsp;<\/p><p>Your pet must fulfil the requirements of the legislation as follows:&nbsp;<\/p><p>\u2022  Up-to-date vaccination report with anti-rabies vaccination (up to 4 months);&nbsp;<\/p><p>\u2022 Microchip implantation is compulsory for dogs and cats born after 1 July 2008. Dangerous dogs or hunting dogs born after 2004 also need to be microchipped;&nbsp;<\/p><p>\u2022 Provide the animal's registration and licence documentation at check-in;&nbsp;<\/p><p>It is important that your pet is trained and totally obedient to the guest\/owner.&nbsp;<\/p><p>\u2022 They should never be left unattended and should always be kept on a leash or in their own carrier around the perimeter of the hotel, except when staying in the room under the supervision of the guest\/owner;&nbsp;<\/p><p>\u2022 Your pet cannot stay in the hotel's common areas. This does not apply to duly identified guide dogs;&nbsp;<\/p><p>The guest\/owner is responsible for their pet's hygiene during their stay.<\/p><p>Any change in your pet's behaviour, such as barking or consecutive barking, should be limited as much as possible in order to guarantee the legitimate rest and comfort of hotel guests.&nbsp;<\/p><p>\u2022 The guest\/owner should contact our reception team to coordinate the most convenient time for our team to clean the room;&nbsp;<\/p><p>\u2022 The guest\/owner is responsible for any damage caused to the room and\/or bodily injury resulting from the behaviour or actions of their animal;&nbsp;<\/p><p>\u2022 The guest\/owner agrees to hold the hotel, owners, employees, guests and\/or other clients harmless for damages arising from direct and\/or indirect actions related to and\/or as a consequence of the actions of their pet;&nbsp;<\/p><p>\u2022 The guest\/owner agrees to indemnify the Hotel, owners, collaborators, guests and\/or other clients, for damages arising from direct and\/or indirect action related to and\/or a consequence of the actions of their pet;&nbsp;<\/p><p>The hotel reserves the right to charge the guest\/owner directly from their account the amount proportional to the cost of the damage (personal and material) caused by their animal.&nbsp;<\/p><p>The Hotel reserves the right to define the rooms\/types to be allocated to these specific bookings.&nbsp;<\/p><p>The Pet Friendly policy has a supplement of <strong>25\u20ac per night <\/strong>to be paid at check-in.&nbsp;<\/p>\n<\/div><div class=\"bde-columns-534-168 bde-columns\"><div class=\"bde-column-534-170 bde-column\">\n  \n  \n\t\n\n\n\n<div class=\"bde-button-534-172 bde-button\">\n    \n                                    \n    \n    \n    \n    \n            \n                    \n            \n            \n\n    \n    \n    \n    \n    \n    <a class=\"breakdance-link button-atom button-atom--primary bde-button__button\" href=\"https:\/\/sbentoresidences.com\/en\/apartamentos\/\" target=\"_self\" data-type=\"url\"  >\n\n    \n        <span class=\"button-atom__text\">Reservar um Apartamento Pet-Friendly<\/span>\n\n        \n        \n                <\/a>\n\n    \n\n\n<\/div>\n<\/div><\/div><\/div>\n<\/section>","protected":false},"excerpt":{"rendered":"<p>Condi\u00e7\u00f5es Pet Friendly Gatos e c\u00e3es de pequeno e m\u00e9dio porte at\u00e9 20kg s\u00e3o bem-vindos a S. Bento&nbsp; Residences!&nbsp;\u2022 \u00c9 permitido um animal de estima\u00e7\u00e3o por quarto associado \u00e0 reserva&nbsp; do h\u00f3spede\/propriet\u00e1rio;&nbsp;\u2022 O acesso de c\u00e3es-guia \u00e9 ilimitado em termos de tamanho e peso;&nbsp;O seu animal de estima\u00e7\u00e3o deve cumprir os requisitos da legisla\u00e7\u00e3o da&nbsp; [&hellip;]<\/p>\n","protected":false},"author":5,"featured_media":0,"parent":0,"menu_order":0,"comment_status":"closed","ping_status":"closed","template":"","meta":{"_breakdance_hide_in_design_set":false,"_breakdance_tags":"","footnotes":""},"class_list":["post-534","page","type-page","status-publish","hentry"],"yoast_head":"<!-- This site is optimized with the Yoast SEO plugin v27.3 - https:\/\/yoast.com\/product\/yoast-seo-wordpress\/ -->\n<title>Pet Friendly Apartments - S. Bento Residences | Porto<\/title>\n<meta name=\"description\" content=\"S. Bento Residences welcomes your furry friends with open arms. We have a pet friendly policy that allows you to bring your pets to our apartments. Find out more about our conditions and fees for pet accommodation.\" \/>\n<meta name=\"robots\" content=\"index, follow, max-snippet:-1, max-image-preview:large, max-video-preview:-1\" \/>\n<link rel=\"canonical\" href=\"https:\/\/sbentoresidences.com\/en\/pet-friendly\/\" \/>\n<meta property=\"og:locale\" content=\"en_GB\" \/>\n<meta property=\"og:type\" content=\"article\" \/>\n<meta property=\"og:title\" content=\"Pet Friendly Apartments - S. Bento Residences | Porto\" \/>\n<meta property=\"og:description\" content=\"S. Bento Residences welcomes your furry friends with open arms. We have a pet friendly policy that allows you to bring your pets to our apartments. Find out more about our conditions and fees for pet accommodation.\" \/>\n<meta property=\"og:url\" content=\"https:\/\/sbentoresidences.com\/en\/pet-friendly\/\" \/>\n<meta property=\"og:site_name\" content=\"S. Bento Residences\" \/>\n<meta property=\"article:publisher\" content=\"https:\/\/www.facebook.com\/sbentoresidences\" \/>\n<meta property=\"article:modified_time\" content=\"2023-10-08T19:20:49+00:00\" \/>\n<meta property=\"og:image\" content=\"https:\/\/i0.wp.com\/sbentoresidences.com\/wp-content\/uploads\/2023\/07\/IMG_7563-E-scaled.jpg?fit=2560%2C1706&ssl=1\" \/>\n\t<meta property=\"og:image:width\" content=\"2560\" \/>\n\t<meta property=\"og:image:height\" content=\"1706\" \/>\n\t<meta property=\"og:image:type\" content=\"image\/jpeg\" \/>\n<meta name=\"twitter:card\" content=\"summary_large_image\" \/>\n<script type=\"application\/ld+json\" class=\"yoast-schema-graph\">{\"@context\":\"https:\\\/\\\/schema.org\",\"@graph\":[{\"@type\":\"WebPage\",\"@id\":\"https:\\\/\\\/sbentoresidences.com\\\/pet-friendly\\\/\",\"url\":\"https:\\\/\\\/sbentoresidences.com\\\/pet-friendly\\\/\",\"name\":\"Pet Friendly Apartments - S. Bento Residences | Porto\",\"isPartOf\":{\"@id\":\"https:\\\/\\\/sbentoresidences.com\\\/#website\"},\"datePublished\":\"2023-09-14T15:00:53+00:00\",\"dateModified\":\"2023-10-08T19:20:49+00:00\",\"description\":\"S. Bento Residences welcomes your furry friends with open arms. We have a pet friendly policy that allows you to bring your pets to our apartments. Find out more about our conditions and fees for pet accommodation.\",\"breadcrumb\":{\"@id\":\"https:\\\/\\\/sbentoresidences.com\\\/pet-friendly\\\/#breadcrumb\"},\"inLanguage\":\"en-GB\",\"potentialAction\":[{\"@type\":\"ReadAction\",\"target\":[\"https:\\\/\\\/sbentoresidences.com\\\/pet-friendly\\\/\"]}]},{\"@type\":\"BreadcrumbList\",\"@id\":\"https:\\\/\\\/sbentoresidences.com\\\/pet-friendly\\\/#breadcrumb\",\"itemListElement\":[{\"@type\":\"ListItem\",\"position\":1,\"name\":\"Home\",\"item\":\"https:\\\/\\\/sbentoresidences.com\\\/\"},{\"@type\":\"ListItem\",\"position\":2,\"name\":\"Pet Friendly\"}]},{\"@type\":\"WebSite\",\"@id\":\"https:\\\/\\\/sbentoresidences.com\\\/#website\",\"url\":\"https:\\\/\\\/sbentoresidences.com\\\/\",\"name\":\"S. Bento Residences\",\"description\":\"S. Bento Residences\",\"publisher\":{\"@id\":\"https:\\\/\\\/sbentoresidences.com\\\/#organization\"},\"alternateName\":\"S\u00e3o Bento Residences\",\"potentialAction\":[{\"@type\":\"SearchAction\",\"target\":{\"@type\":\"EntryPoint\",\"urlTemplate\":\"https:\\\/\\\/sbentoresidences.com\\\/?s={search_term_string}\"},\"query-input\":{\"@type\":\"PropertyValueSpecification\",\"valueRequired\":true,\"valueName\":\"search_term_string\"}}],\"inLanguage\":\"en-GB\"},{\"@type\":\"Organization\",\"@id\":\"https:\\\/\\\/sbentoresidences.com\\\/#organization\",\"name\":\"S. Bento Residences\",\"url\":\"https:\\\/\\\/sbentoresidences.com\\\/\",\"logo\":{\"@type\":\"ImageObject\",\"inLanguage\":\"en-GB\",\"@id\":\"https:\\\/\\\/sbentoresidences.com\\\/#\\\/schema\\\/logo\\\/image\\\/\",\"url\":\"https:\\\/\\\/sbentoresidences.com\\\/wp-content\\\/uploads\\\/2023\\\/07\\\/logos-03-Dourado.png\",\"contentUrl\":\"https:\\\/\\\/sbentoresidences.com\\\/wp-content\\\/uploads\\\/2023\\\/07\\\/logos-03-Dourado.png\",\"width\":1251,\"height\":1250,\"caption\":\"S. Bento Residences\"},\"image\":{\"@id\":\"https:\\\/\\\/sbentoresidences.com\\\/#\\\/schema\\\/logo\\\/image\\\/\"},\"sameAs\":[\"https:\\\/\\\/www.facebook.com\\\/sbentoresidences\",\"https:\\\/\\\/www.instagram.com\\\/s.bentoresidences\\\/\"]}]}<\/script>\n<!-- \/ Yoast SEO plugin. -->","yoast_head_json":{"title":"Pet Friendly Apartments - S. Bento Residences | Porto","description":"S. Bento Residences welcomes your furry friends with open arms. We have a pet friendly policy that allows you to bring your pets to our apartments. Find out more about our conditions and fees for pet accommodation.","robots":{"index":"index","follow":"follow","max-snippet":"max-snippet:-1","max-image-preview":"max-image-preview:large","max-video-preview":"max-video-preview:-1"},"canonical":"https:\/\/sbentoresidences.com\/en\/pet-friendly\/","og_locale":"en_GB","og_type":"article","og_title":"Pet Friendly Apartments - S. Bento Residences | Porto","og_description":"S. Bento Residences welcomes your furry friends with open arms. We have a pet friendly policy that allows you to bring your pets to our apartments. Find out more about our conditions and fees for pet accommodation.","og_url":"https:\/\/sbentoresidences.com\/en\/pet-friendly\/","og_site_name":"S. Bento Residences","article_publisher":"https:\/\/www.facebook.com\/sbentoresidences","article_modified_time":"2023-10-08T19:20:49+00:00","og_image":[{"width":2560,"height":1706,"url":"https:\/\/i0.wp.com\/sbentoresidences.com\/wp-content\/uploads\/2023\/07\/IMG_7563-E-scaled.jpg?fit=2560%2C1706&ssl=1","type":"image\/jpeg"}],"twitter_card":"summary_large_image","schema":{"@context":"https:\/\/schema.org","@graph":[{"@type":"WebPage","@id":"https:\/\/sbentoresidences.com\/pet-friendly\/","url":"https:\/\/sbentoresidences.com\/pet-friendly\/","name":"Pet Friendly Apartments - S. Bento Residences | Porto","isPartOf":{"@id":"https:\/\/sbentoresidences.com\/#website"},"datePublished":"2023-09-14T15:00:53+00:00","dateModified":"2023-10-08T19:20:49+00:00","description":"S. Bento Residences welcomes your furry friends with open arms. We have a pet friendly policy that allows you to bring your pets to our apartments. Find out more about our conditions and fees for pet accommodation.","breadcrumb":{"@id":"https:\/\/sbentoresidences.com\/pet-friendly\/#breadcrumb"},"inLanguage":"en-GB","potentialAction":[{"@type":"ReadAction","target":["https:\/\/sbentoresidences.com\/pet-friendly\/"]}]},{"@type":"BreadcrumbList","@id":"https:\/\/sbentoresidences.com\/pet-friendly\/#breadcrumb","itemListElement":[{"@type":"ListItem","position":1,"name":"Home","item":"https:\/\/sbentoresidences.com\/"},{"@type":"ListItem","position":2,"name":"Pet Friendly"}]},{"@type":"WebSite","@id":"https:\/\/sbentoresidences.com\/#website","url":"https:\/\/sbentoresidences.com\/","name":"S. Bento Residences","description":"S. Bento Residences","publisher":{"@id":"https:\/\/sbentoresidences.com\/#organization"},"alternateName":"S\u00e3o Bento Residences","potentialAction":[{"@type":"SearchAction","target":{"@type":"EntryPoint","urlTemplate":"https:\/\/sbentoresidences.com\/?s={search_term_string}"},"query-input":{"@type":"PropertyValueSpecification","valueRequired":true,"valueName":"search_term_string"}}],"inLanguage":"en-GB"},{"@type":"Organization","@id":"https:\/\/sbentoresidences.com\/#organization","name":"S. Bento Residences","url":"https:\/\/sbentoresidences.com\/","logo":{"@type":"ImageObject","inLanguage":"en-GB","@id":"https:\/\/sbentoresidences.com\/#\/schema\/logo\/image\/","url":"https:\/\/sbentoresidences.com\/wp-content\/uploads\/2023\/07\/logos-03-Dourado.png","contentUrl":"https:\/\/sbentoresidences.com\/wp-content\/uploads\/2023\/07\/logos-03-Dourado.png","width":1251,"height":1250,"caption":"S. Bento Residences"},"image":{"@id":"https:\/\/sbentoresidences.com\/#\/schema\/logo\/image\/"},"sameAs":["https:\/\/www.facebook.com\/sbentoresidences","https:\/\/www.instagram.com\/s.bentoresidences\/"]}]}},"jetpack_sharing_enabled":true,"_links":{"self":[{"href":"https:\/\/sbentoresidences.com\/en\/wp-json\/wp\/v2\/pages\/534","targetHints":{"allow":["GET"]}}],"collection":[{"href":"https:\/\/sbentoresidences.com\/en\/wp-json\/wp\/v2\/pages"}],"about":[{"href":"https:\/\/sbentoresidences.com\/en\/wp-json\/wp\/v2\/types\/page"}],"author":[{"embeddable":true,"href":"https:\/\/sbentoresidences.com\/en\/wp-json\/wp\/v2\/users\/5"}],"replies":[{"embeddable":true,"href":"https:\/\/sbentoresidences.com\/en\/wp-json\/wp\/v2\/comments?post=534"}],"version-history":[{"count":8,"href":"https:\/\/sbentoresidences.com\/en\/wp-json\/wp\/v2\/pages\/534\/revisions"}],"predecessor-version":[{"id":823,"href":"https:\/\/sbentoresidences.com\/en\/wp-json\/wp\/v2\/pages\/534\/revisions\/823"}],"wp:attachment":[{"href":"https:\/\/sbentoresidences.com\/en\/wp-json\/wp\/v2\/media?parent=534"}],"curies":[{"name":"wp","href":"https:\/\/api.w.org\/{rel}","templated":true}]}}